{"id":3018,"date":"2021-09-02T13:49:49","date_gmt":"2021-09-02T13:49:49","guid":{"rendered":"https:\/\/meggleba.kord.red\/product\/buttercream-light-22-m-m\/"},"modified":"2021-09-02T13:49:49","modified_gmt":"2021-09-02T13:49:49","slug":"buttercream-light-22-m-m","status":"publish","type":"product","link":"https:\/\/meggle.ba\/en\/product\/buttercream-light-22-m-m\/","title":{"rendered":"Buttercream light 22% m.m."},"content":{"rendered":"\n<p>MEGGLE Buttercream rasko\u0161no je kremasti spoj maslaca vrhunske kvalitete i najfinijeg vrhnja.&nbsp;Oboga\u0107uje svaki zalogaj, a jelima daje posebno so\u010dnu, kremastu notu. MEGGLE Buttercream izvrsno \u0107e upotpuniti va\u0161e sendvi\u010de, idealan je kao dodatak tjesteninama, preljevima ili mesnim umacima, kao dodatak juhama ili kao punjenje za doma\u0107a peciva.&nbsp;<\/p>\n\n\n\n<p>Uz malo ma\u0161te, MEGGLE Buttercream u svojoj kuhinji mo\u017eete upotrijebiti na bezbroj na\u010dina i u\u017eivati u njegovom neodoljivom okusu!<\/p>\n","protected":false},"template":"","product-category":[158],"class_list":["post-3018","product","type-product","status-publish","hentry","product-category-buttercream-en"],"acf":[],"yoast_head":"<!-- This site is optimized with the Yoast SEO plugin v27.0 - https:\/\/yoast.com\/product\/yoast-seo-wordpress\/ -->\n<title>Buttercream light 22% m.m. - Meggle<\/title>\n<meta name=\"robots\" content=\"index, follow, max-snippet:-1, max-image-preview:large, max-video-preview:-1\" \/>\n<link rel=\"canonical\" href=\"https:\/\/meggle.ba\/en\/product\/buttercream-light-22-m-m\/\" \/>\n<meta property=\"og:locale\" content=\"en_US\" \/>\n<meta property=\"og:type\" content=\"article\" \/>\n<meta property=\"og:title\" content=\"Buttercream light 22% m.m. - Meggle\" \/>\n<meta property=\"og:description\" content=\"MEGGLE Buttercream rasko\u0161no je kremasti spoj maslaca vrhunske kvalitete i najfinijeg vrhnja.&nbsp;Oboga\u0107uje svaki zalogaj, a jelima daje posebno so\u010dnu, kremastu notu. MEGGLE Buttercream izvrsno \u0107e upotpuniti va\u0161e sendvi\u010de, idealan je &hellip;\" \/>\n<meta property=\"og:url\" content=\"https:\/\/meggle.ba\/en\/product\/buttercream-light-22-m-m\/\" \/>\n<meta property=\"og:site_name\" content=\"Meggle\" \/>\n<meta name=\"twitter:card\" content=\"summary_large_image\" \/>\n<meta name=\"twitter:label1\" content=\"Est. reading time\" \/>\n\t<meta name=\"twitter:data1\" content=\"1 minute\" \/>\n<script type=\"application\/ld+json\" class=\"yoast-schema-graph\">{\"@context\":\"https:\/\/schema.org\",\"@graph\":[{\"@type\":\"WebPage\",\"@id\":\"https:\/\/meggle.ba\/en\/product\/buttercream-light-22-m-m\/\",\"url\":\"https:\/\/meggle.ba\/en\/product\/buttercream-light-22-m-m\/\",\"name\":\"Buttercream light 22% m.m. - Meggle\",\"isPartOf\":{\"@id\":\"https:\/\/meggle.ba\/en\/#website\"},\"datePublished\":\"2021-09-02T13:49:49+00:00\",\"breadcrumb\":{\"@id\":\"https:\/\/meggle.ba\/en\/product\/buttercream-light-22-m-m\/#breadcrumb\"},\"inLanguage\":\"en-US\",\"potentialAction\":[{\"@type\":\"ReadAction\",\"target\":[\"https:\/\/meggle.ba\/en\/product\/buttercream-light-22-m-m\/\"]}]},{\"@type\":\"BreadcrumbList\",\"@id\":\"https:\/\/meggle.ba\/en\/product\/buttercream-light-22-m-m\/#breadcrumb\",\"itemListElement\":[{\"@type\":\"ListItem\",\"position\":1,\"name\":\"Home\",\"item\":\"https:\/\/meggle.ba\/en\/\"},{\"@type\":\"ListItem\",\"position\":2,\"name\":\"Buttercream light 22% m.m.\"}]},{\"@type\":\"WebSite\",\"@id\":\"https:\/\/meggle.ba\/en\/#website\",\"url\":\"https:\/\/meggle.ba\/en\/\",\"name\":\"Meggle\",\"description\":\"\",\"potentialAction\":[{\"@type\":\"SearchAction\",\"target\":{\"@type\":\"EntryPoint\",\"urlTemplate\":\"https:\/\/meggle.ba\/en\/?s={search_term_string}\"},\"query-input\":{\"@type\":\"PropertyValueSpecification\",\"valueRequired\":true,\"valueName\":\"search_term_string\"}}],\"inLanguage\":\"en-US\"}]}<\/script>\n<!-- \/ Yoast SEO plugin. -->","yoast_head_json":{"title":"Buttercream light 22% m.m. - Meggle","robots":{"index":"index","follow":"follow","max-snippet":"max-snippet:-1","max-image-preview":"max-image-preview:large","max-video-preview":"max-video-preview:-1"},"canonical":"https:\/\/meggle.ba\/en\/product\/buttercream-light-22-m-m\/","og_locale":"en_US","og_type":"article","og_title":"Buttercream light 22% m.m. - Meggle","og_description":"MEGGLE Buttercream rasko\u0161no je kremasti spoj maslaca vrhunske kvalitete i najfinijeg vrhnja.&nbsp;Oboga\u0107uje svaki zalogaj, a jelima daje posebno so\u010dnu, kremastu notu. MEGGLE Buttercream izvrsno \u0107e upotpuniti va\u0161e sendvi\u010de, idealan je &hellip;","og_url":"https:\/\/meggle.ba\/en\/product\/buttercream-light-22-m-m\/","og_site_name":"Meggle","twitter_card":"summary_large_image","twitter_misc":{"Est. reading time":"1 minute"},"schema":{"@context":"https:\/\/schema.org","@graph":[{"@type":"WebPage","@id":"https:\/\/meggle.ba\/en\/product\/buttercream-light-22-m-m\/","url":"https:\/\/meggle.ba\/en\/product\/buttercream-light-22-m-m\/","name":"Buttercream light 22% m.m. - Meggle","isPartOf":{"@id":"https:\/\/meggle.ba\/en\/#website"},"datePublished":"2021-09-02T13:49:49+00:00","breadcrumb":{"@id":"https:\/\/meggle.ba\/en\/product\/buttercream-light-22-m-m\/#breadcrumb"},"inLanguage":"en-US","potentialAction":[{"@type":"ReadAction","target":["https:\/\/meggle.ba\/en\/product\/buttercream-light-22-m-m\/"]}]},{"@type":"BreadcrumbList","@id":"https:\/\/meggle.ba\/en\/product\/buttercream-light-22-m-m\/#breadcrumb","itemListElement":[{"@type":"ListItem","position":1,"name":"Home","item":"https:\/\/meggle.ba\/en\/"},{"@type":"ListItem","position":2,"name":"Buttercream light 22% m.m."}]},{"@type":"WebSite","@id":"https:\/\/meggle.ba\/en\/#website","url":"https:\/\/meggle.ba\/en\/","name":"Meggle","description":"","potentialAction":[{"@type":"SearchAction","target":{"@type":"EntryPoint","urlTemplate":"https:\/\/meggle.ba\/en\/?s={search_term_string}"},"query-input":{"@type":"PropertyValueSpecification","valueRequired":true,"valueName":"search_term_string"}}],"inLanguage":"en-US"}]}},"_links":{"self":[{"href":"https:\/\/meggle.ba\/en\/wp-json\/wp\/v2\/product\/3018","targetHints":{"allow":["GET"]}}],"collection":[{"href":"https:\/\/meggle.ba\/en\/wp-json\/wp\/v2\/product"}],"about":[{"href":"https:\/\/meggle.ba\/en\/wp-json\/wp\/v2\/types\/product"}],"wp:attachment":[{"href":"https:\/\/meggle.ba\/en\/wp-json\/wp\/v2\/media?parent=3018"}],"wp:term":[{"taxonomy":"product-category","embeddable":true,"href":"https:\/\/meggle.ba\/en\/wp-json\/wp\/v2\/product-category?post=3018"}],"curies":[{"name":"wp","href":"https:\/\/api.w.org\/{rel}","templated":true}]}}