{"id":3020,"date":"2021-09-02T13:14:38","date_gmt":"2021-09-02T13:14:38","guid":{"rendered":"https:\/\/meggleba.kord.red\/product\/baguette-sa-bijelim-lukom\/"},"modified":"2021-09-02T13:14:38","modified_gmt":"2021-09-02T13:14:38","slug":"baguette-sa-bijelim-lukom","status":"publish","type":"product","link":"https:\/\/meggle.ba\/en\/product\/baguette-sa-bijelim-lukom\/","title":{"rendered":"Baguette sa bijelim lukom"},"content":{"rendered":"\n<p>Ljubitelji decentnijeg okusa \u0107e odabrati Megle baguette sa za\u010dinskim biljem dok \u0107e hrskavi baguette sa svje\u017eim okusom bijelog luka omogu\u0107iti pravi gurmanski do\u017eivljaj svima \u017eeljnima pikantnijeg okusa.<\/p>\n","protected":false},"template":"","product-category":[50],"class_list":["post-3020","product","type-product","status-publish","hentry","product-category-baguette-en"],"acf":[],"yoast_head":"<!-- This site is optimized with the Yoast SEO plugin v27.0 - https:\/\/yoast.com\/product\/yoast-seo-wordpress\/ -->\n<title>Baguette sa bijelim lukom - Meggle<\/title>\n<meta name=\"robots\" content=\"index, follow, max-snippet:-1, max-image-preview:large, max-video-preview:-1\" \/>\n<link rel=\"canonical\" href=\"https:\/\/meggle.ba\/en\/product\/baguette-sa-bijelim-lukom\/\" \/>\n<meta property=\"og:locale\" content=\"en_US\" \/>\n<meta property=\"og:type\" content=\"article\" \/>\n<meta property=\"og:title\" content=\"Baguette sa bijelim lukom - Meggle\" \/>\n<meta property=\"og:description\" content=\"Ljubitelji decentnijeg okusa \u0107e odabrati Megle baguette sa za\u010dinskim biljem dok \u0107e hrskavi baguette sa svje\u017eim okusom bijelog luka omogu\u0107iti pravi gurmanski do\u017eivljaj svima \u017eeljnima pikantnijeg okusa.\" \/>\n<meta property=\"og:url\" content=\"https:\/\/meggle.ba\/en\/product\/baguette-sa-bijelim-lukom\/\" \/>\n<meta property=\"og:site_name\" content=\"Meggle\" \/>\n<meta name=\"twitter:card\" content=\"summary_large_image\" \/>\n<meta name=\"twitter:label1\" content=\"Est. reading time\" \/>\n\t<meta name=\"twitter:data1\" content=\"1 minute\" \/>\n<script type=\"application\/ld+json\" class=\"yoast-schema-graph\">{\"@context\":\"https:\/\/schema.org\",\"@graph\":[{\"@type\":\"WebPage\",\"@id\":\"https:\/\/meggle.ba\/en\/product\/baguette-sa-bijelim-lukom\/\",\"url\":\"https:\/\/meggle.ba\/en\/product\/baguette-sa-bijelim-lukom\/\",\"name\":\"Baguette sa bijelim lukom - Meggle\",\"isPartOf\":{\"@id\":\"https:\/\/meggle.ba\/en\/#website\"},\"datePublished\":\"2021-09-02T13:14:38+00:00\",\"breadcrumb\":{\"@id\":\"https:\/\/meggle.ba\/en\/product\/baguette-sa-bijelim-lukom\/#breadcrumb\"},\"inLanguage\":\"en-US\",\"potentialAction\":[{\"@type\":\"ReadAction\",\"target\":[\"https:\/\/meggle.ba\/en\/product\/baguette-sa-bijelim-lukom\/\"]}]},{\"@type\":\"BreadcrumbList\",\"@id\":\"https:\/\/meggle.ba\/en\/product\/baguette-sa-bijelim-lukom\/#breadcrumb\",\"itemListElement\":[{\"@type\":\"ListItem\",\"position\":1,\"name\":\"Home\",\"item\":\"https:\/\/meggle.ba\/en\/\"},{\"@type\":\"ListItem\",\"position\":2,\"name\":\"Baguette sa bijelim lukom\"}]},{\"@type\":\"WebSite\",\"@id\":\"https:\/\/meggle.ba\/en\/#website\",\"url\":\"https:\/\/meggle.ba\/en\/\",\"name\":\"Meggle\",\"description\":\"\",\"potentialAction\":[{\"@type\":\"SearchAction\",\"target\":{\"@type\":\"EntryPoint\",\"urlTemplate\":\"https:\/\/meggle.ba\/en\/?s={search_term_string}\"},\"query-input\":{\"@type\":\"PropertyValueSpecification\",\"valueRequired\":true,\"valueName\":\"search_term_string\"}}],\"inLanguage\":\"en-US\"}]}<\/script>\n<!-- \/ Yoast SEO plugin. -->","yoast_head_json":{"title":"Baguette sa bijelim lukom - Meggle","robots":{"index":"index","follow":"follow","max-snippet":"max-snippet:-1","max-image-preview":"max-image-preview:large","max-video-preview":"max-video-preview:-1"},"canonical":"https:\/\/meggle.ba\/en\/product\/baguette-sa-bijelim-lukom\/","og_locale":"en_US","og_type":"article","og_title":"Baguette sa bijelim lukom - Meggle","og_description":"Ljubitelji decentnijeg okusa \u0107e odabrati Megle baguette sa za\u010dinskim biljem dok \u0107e hrskavi baguette sa svje\u017eim okusom bijelog luka omogu\u0107iti pravi gurmanski do\u017eivljaj svima \u017eeljnima pikantnijeg okusa.","og_url":"https:\/\/meggle.ba\/en\/product\/baguette-sa-bijelim-lukom\/","og_site_name":"Meggle","twitter_card":"summary_large_image","twitter_misc":{"Est. reading time":"1 minute"},"schema":{"@context":"https:\/\/schema.org","@graph":[{"@type":"WebPage","@id":"https:\/\/meggle.ba\/en\/product\/baguette-sa-bijelim-lukom\/","url":"https:\/\/meggle.ba\/en\/product\/baguette-sa-bijelim-lukom\/","name":"Baguette sa bijelim lukom - Meggle","isPartOf":{"@id":"https:\/\/meggle.ba\/en\/#website"},"datePublished":"2021-09-02T13:14:38+00:00","breadcrumb":{"@id":"https:\/\/meggle.ba\/en\/product\/baguette-sa-bijelim-lukom\/#breadcrumb"},"inLanguage":"en-US","potentialAction":[{"@type":"ReadAction","target":["https:\/\/meggle.ba\/en\/product\/baguette-sa-bijelim-lukom\/"]}]},{"@type":"BreadcrumbList","@id":"https:\/\/meggle.ba\/en\/product\/baguette-sa-bijelim-lukom\/#breadcrumb","itemListElement":[{"@type":"ListItem","position":1,"name":"Home","item":"https:\/\/meggle.ba\/en\/"},{"@type":"ListItem","position":2,"name":"Baguette sa bijelim lukom"}]},{"@type":"WebSite","@id":"https:\/\/meggle.ba\/en\/#website","url":"https:\/\/meggle.ba\/en\/","name":"Meggle","description":"","potentialAction":[{"@type":"SearchAction","target":{"@type":"EntryPoint","urlTemplate":"https:\/\/meggle.ba\/en\/?s={search_term_string}"},"query-input":{"@type":"PropertyValueSpecification","valueRequired":true,"valueName":"search_term_string"}}],"inLanguage":"en-US"}]}},"_links":{"self":[{"href":"https:\/\/meggle.ba\/en\/wp-json\/wp\/v2\/product\/3020","targetHints":{"allow":["GET"]}}],"collection":[{"href":"https:\/\/meggle.ba\/en\/wp-json\/wp\/v2\/product"}],"about":[{"href":"https:\/\/meggle.ba\/en\/wp-json\/wp\/v2\/types\/product"}],"wp:attachment":[{"href":"https:\/\/meggle.ba\/en\/wp-json\/wp\/v2\/media?parent=3020"}],"wp:term":[{"taxonomy":"product-category","embeddable":true,"href":"https:\/\/meggle.ba\/en\/wp-json\/wp\/v2\/product-category?post=3020"}],"curies":[{"name":"wp","href":"https:\/\/api.w.org\/{rel}","templated":true}]}}