{"id":3046,"date":"2021-08-12T09:29:04","date_gmt":"2021-08-12T09:29:04","guid":{"rendered":"https:\/\/meggleba.kord.red\/product\/lemon-juice\/"},"modified":"2021-08-12T09:29:04","modified_gmt":"2021-08-12T09:29:04","slug":"lemon-juice","status":"publish","type":"product","link":"https:\/\/meggle.ba\/en\/product\/lemon-juice\/","title":{"rendered":"Lemon juice"},"content":{"rendered":"\n<p>Limun je namirnica s vjerojatno najdu\u017eim popisom pozitivnih djelovanja na na\u0161e zdravlje,a o limunu kao lijeku pisane su brojne knjige. Koristi se kao dodatak u razne smoothie,koktele,za pravljenje limunade,a naj\u010de\u0161\u0107e se koristi kao dodatak \u010daju.4,9ml limuna nije slu\u010dajno MEGGLE tim je istra\u017eio da je upravo ta koli\u010dina idealan omjer limuna i \u010daja da u\u017eivate u svom toplom napitku.<\/p>\n","protected":false},"template":"","product-category":[82],"class_list":["post-3046","product","type-product","status-publish","hentry","product-category-coffee-cream"],"acf":[],"yoast_head":"<!-- This site is optimized with the Yoast SEO plugin v27.0 - https:\/\/yoast.com\/product\/yoast-seo-wordpress\/ -->\n<title>Lemon juice - Meggle<\/title>\n<meta name=\"robots\" content=\"index, follow, max-snippet:-1, max-image-preview:large, max-video-preview:-1\" \/>\n<link rel=\"canonical\" href=\"https:\/\/meggle.ba\/en\/product\/lemon-juice\/\" \/>\n<meta property=\"og:locale\" content=\"en_US\" \/>\n<meta property=\"og:type\" content=\"article\" \/>\n<meta property=\"og:title\" content=\"Lemon juice - Meggle\" \/>\n<meta property=\"og:description\" content=\"Limun je namirnica s vjerojatno najdu\u017eim popisom pozitivnih djelovanja na na\u0161e zdravlje,a o limunu kao lijeku pisane su brojne knjige. Koristi se kao dodatak u razne smoothie,koktele,za pravljenje limunade,a naj\u010de\u0161\u0107e &hellip;\" \/>\n<meta property=\"og:url\" content=\"https:\/\/meggle.ba\/en\/product\/lemon-juice\/\" \/>\n<meta property=\"og:site_name\" content=\"Meggle\" \/>\n<meta name=\"twitter:card\" content=\"summary_large_image\" \/>\n<script type=\"application\/ld+json\" class=\"yoast-schema-graph\">{\"@context\":\"https:\/\/schema.org\",\"@graph\":[{\"@type\":\"WebPage\",\"@id\":\"https:\/\/meggle.ba\/en\/product\/lemon-juice\/\",\"url\":\"https:\/\/meggle.ba\/en\/product\/lemon-juice\/\",\"name\":\"Lemon juice - Meggle\",\"isPartOf\":{\"@id\":\"https:\/\/meggle.ba\/en\/#website\"},\"datePublished\":\"2021-08-12T09:29:04+00:00\",\"breadcrumb\":{\"@id\":\"https:\/\/meggle.ba\/en\/product\/lemon-juice\/#breadcrumb\"},\"inLanguage\":\"en-US\",\"potentialAction\":[{\"@type\":\"ReadAction\",\"target\":[\"https:\/\/meggle.ba\/en\/product\/lemon-juice\/\"]}]},{\"@type\":\"BreadcrumbList\",\"@id\":\"https:\/\/meggle.ba\/en\/product\/lemon-juice\/#breadcrumb\",\"itemListElement\":[{\"@type\":\"ListItem\",\"position\":1,\"name\":\"Home\",\"item\":\"https:\/\/meggle.ba\/en\/\"},{\"@type\":\"ListItem\",\"position\":2,\"name\":\"Lemon juice\"}]},{\"@type\":\"WebSite\",\"@id\":\"https:\/\/meggle.ba\/en\/#website\",\"url\":\"https:\/\/meggle.ba\/en\/\",\"name\":\"Meggle\",\"description\":\"\",\"potentialAction\":[{\"@type\":\"SearchAction\",\"target\":{\"@type\":\"EntryPoint\",\"urlTemplate\":\"https:\/\/meggle.ba\/en\/?s={search_term_string}\"},\"query-input\":{\"@type\":\"PropertyValueSpecification\",\"valueRequired\":true,\"valueName\":\"search_term_string\"}}],\"inLanguage\":\"en-US\"}]}<\/script>\n<!-- \/ Yoast SEO plugin. -->","yoast_head_json":{"title":"Lemon juice - Meggle","robots":{"index":"index","follow":"follow","max-snippet":"max-snippet:-1","max-image-preview":"max-image-preview:large","max-video-preview":"max-video-preview:-1"},"canonical":"https:\/\/meggle.ba\/en\/product\/lemon-juice\/","og_locale":"en_US","og_type":"article","og_title":"Lemon juice - Meggle","og_description":"Limun je namirnica s vjerojatno najdu\u017eim popisom pozitivnih djelovanja na na\u0161e zdravlje,a o limunu kao lijeku pisane su brojne knjige. Koristi se kao dodatak u razne smoothie,koktele,za pravljenje limunade,a naj\u010de\u0161\u0107e &hellip;","og_url":"https:\/\/meggle.ba\/en\/product\/lemon-juice\/","og_site_name":"Meggle","twitter_card":"summary_large_image","schema":{"@context":"https:\/\/schema.org","@graph":[{"@type":"WebPage","@id":"https:\/\/meggle.ba\/en\/product\/lemon-juice\/","url":"https:\/\/meggle.ba\/en\/product\/lemon-juice\/","name":"Lemon juice - Meggle","isPartOf":{"@id":"https:\/\/meggle.ba\/en\/#website"},"datePublished":"2021-08-12T09:29:04+00:00","breadcrumb":{"@id":"https:\/\/meggle.ba\/en\/product\/lemon-juice\/#breadcrumb"},"inLanguage":"en-US","potentialAction":[{"@type":"ReadAction","target":["https:\/\/meggle.ba\/en\/product\/lemon-juice\/"]}]},{"@type":"BreadcrumbList","@id":"https:\/\/meggle.ba\/en\/product\/lemon-juice\/#breadcrumb","itemListElement":[{"@type":"ListItem","position":1,"name":"Home","item":"https:\/\/meggle.ba\/en\/"},{"@type":"ListItem","position":2,"name":"Lemon juice"}]},{"@type":"WebSite","@id":"https:\/\/meggle.ba\/en\/#website","url":"https:\/\/meggle.ba\/en\/","name":"Meggle","description":"","potentialAction":[{"@type":"SearchAction","target":{"@type":"EntryPoint","urlTemplate":"https:\/\/meggle.ba\/en\/?s={search_term_string}"},"query-input":{"@type":"PropertyValueSpecification","valueRequired":true,"valueName":"search_term_string"}}],"inLanguage":"en-US"}]}},"_links":{"self":[{"href":"https:\/\/meggle.ba\/en\/wp-json\/wp\/v2\/product\/3046","targetHints":{"allow":["GET"]}}],"collection":[{"href":"https:\/\/meggle.ba\/en\/wp-json\/wp\/v2\/product"}],"about":[{"href":"https:\/\/meggle.ba\/en\/wp-json\/wp\/v2\/types\/product"}],"wp:attachment":[{"href":"https:\/\/meggle.ba\/en\/wp-json\/wp\/v2\/media?parent=3046"}],"wp:term":[{"taxonomy":"product-category","embeddable":true,"href":"https:\/\/meggle.ba\/en\/wp-json\/wp\/v2\/product-category?post=3046"}],"curies":[{"name":"wp","href":"https:\/\/api.w.org\/{rel}","templated":true}]}}