{"id":3047,"date":"2021-08-12T08:00:10","date_gmt":"2021-08-12T08:00:10","guid":{"rendered":"https:\/\/meggleba.kord.red\/product\/vrhnje-za-kavu-10-b-m\/"},"modified":"2021-08-12T08:00:10","modified_gmt":"2021-08-12T08:00:10","slug":"vrhnje-za-kavu-10-b-m","status":"publish","type":"product","link":"https:\/\/meggle.ba\/en\/product\/vrhnje-za-kavu-10-b-m\/","title":{"rendered":"Vrhnje za kavu 10% b.m."},"content":{"rendered":"\n<p>Raznolikost ponude na\u0161ih proizvoda ogleda se i u Meggle vrhnjima za kavu. Uz klasi\u010dna vrhnja za kavu s mlije\u010dnom ma\u0161\u0107u, pripremili smo ukusnu alternativu u obliku Meggle coffee-creamera, pripravka vrhnja za kavu na bazi mlijeka i biljne masti. Tako\u0111er je bogatog i kremastog okusa, privla\u010dnog mirisa te se savr\u0161eno kombinira sa svakom kavom. Zapo\u010deti dan uz najbolji dodatak kavi pravi je u\u017eitak bu\u0111enja, a nudimo ga u pakiranjima od 10 \u010da\u0161ica po 7,5 g.<\/p>\n\n\n\n<p>UHT, homogenizirano.<\/p>\n\n\n\n<p>.<\/p>\n","protected":false},"template":"","product-category":[82],"class_list":["post-3047","product","type-product","status-publish","hentry","product-category-coffee-cream"],"acf":[],"yoast_head":"<!-- This site is optimized with the Yoast SEO plugin v27.0 - https:\/\/yoast.com\/product\/yoast-seo-wordpress\/ -->\n<title>Vrhnje za kavu 10% b.m. - Meggle<\/title>\n<meta name=\"robots\" content=\"index, follow, max-snippet:-1, max-image-preview:large, max-video-preview:-1\" \/>\n<link rel=\"canonical\" href=\"https:\/\/meggle.ba\/en\/product\/vrhnje-za-kavu-10-b-m\/\" \/>\n<meta property=\"og:locale\" content=\"en_US\" \/>\n<meta property=\"og:type\" content=\"article\" \/>\n<meta property=\"og:title\" content=\"Vrhnje za kavu 10% b.m. - Meggle\" \/>\n<meta property=\"og:description\" content=\"Raznolikost ponude na\u0161ih proizvoda ogleda se i u Meggle vrhnjima za kavu. Uz klasi\u010dna vrhnja za kavu s mlije\u010dnom ma\u0161\u0107u, pripremili smo ukusnu alternativu u obliku Meggle coffee-creamera, pripravka vrhnja &hellip;\" \/>\n<meta property=\"og:url\" content=\"https:\/\/meggle.ba\/en\/product\/vrhnje-za-kavu-10-b-m\/\" \/>\n<meta property=\"og:site_name\" content=\"Meggle\" \/>\n<meta name=\"twitter:card\" content=\"summary_large_image\" \/>\n<script type=\"application\/ld+json\" class=\"yoast-schema-graph\">{\"@context\":\"https:\/\/schema.org\",\"@graph\":[{\"@type\":\"WebPage\",\"@id\":\"https:\/\/meggle.ba\/en\/product\/vrhnje-za-kavu-10-b-m\/\",\"url\":\"https:\/\/meggle.ba\/en\/product\/vrhnje-za-kavu-10-b-m\/\",\"name\":\"Vrhnje za kavu 10% b.m. - Meggle\",\"isPartOf\":{\"@id\":\"https:\/\/meggle.ba\/en\/#website\"},\"datePublished\":\"2021-08-12T08:00:10+00:00\",\"breadcrumb\":{\"@id\":\"https:\/\/meggle.ba\/en\/product\/vrhnje-za-kavu-10-b-m\/#breadcrumb\"},\"inLanguage\":\"en-US\",\"potentialAction\":[{\"@type\":\"ReadAction\",\"target\":[\"https:\/\/meggle.ba\/en\/product\/vrhnje-za-kavu-10-b-m\/\"]}]},{\"@type\":\"BreadcrumbList\",\"@id\":\"https:\/\/meggle.ba\/en\/product\/vrhnje-za-kavu-10-b-m\/#breadcrumb\",\"itemListElement\":[{\"@type\":\"ListItem\",\"position\":1,\"name\":\"Home\",\"item\":\"https:\/\/meggle.ba\/en\/\"},{\"@type\":\"ListItem\",\"position\":2,\"name\":\"Vrhnje za kavu 10% b.m.\"}]},{\"@type\":\"WebSite\",\"@id\":\"https:\/\/meggle.ba\/en\/#website\",\"url\":\"https:\/\/meggle.ba\/en\/\",\"name\":\"Meggle\",\"description\":\"\",\"potentialAction\":[{\"@type\":\"SearchAction\",\"target\":{\"@type\":\"EntryPoint\",\"urlTemplate\":\"https:\/\/meggle.ba\/en\/?s={search_term_string}\"},\"query-input\":{\"@type\":\"PropertyValueSpecification\",\"valueRequired\":true,\"valueName\":\"search_term_string\"}}],\"inLanguage\":\"en-US\"}]}<\/script>\n<!-- \/ Yoast SEO plugin. -->","yoast_head_json":{"title":"Vrhnje za kavu 10% b.m. - Meggle","robots":{"index":"index","follow":"follow","max-snippet":"max-snippet:-1","max-image-preview":"max-image-preview:large","max-video-preview":"max-video-preview:-1"},"canonical":"https:\/\/meggle.ba\/en\/product\/vrhnje-za-kavu-10-b-m\/","og_locale":"en_US","og_type":"article","og_title":"Vrhnje za kavu 10% b.m. - Meggle","og_description":"Raznolikost ponude na\u0161ih proizvoda ogleda se i u Meggle vrhnjima za kavu. Uz klasi\u010dna vrhnja za kavu s mlije\u010dnom ma\u0161\u0107u, pripremili smo ukusnu alternativu u obliku Meggle coffee-creamera, pripravka vrhnja &hellip;","og_url":"https:\/\/meggle.ba\/en\/product\/vrhnje-za-kavu-10-b-m\/","og_site_name":"Meggle","twitter_card":"summary_large_image","schema":{"@context":"https:\/\/schema.org","@graph":[{"@type":"WebPage","@id":"https:\/\/meggle.ba\/en\/product\/vrhnje-za-kavu-10-b-m\/","url":"https:\/\/meggle.ba\/en\/product\/vrhnje-za-kavu-10-b-m\/","name":"Vrhnje za kavu 10% b.m. - Meggle","isPartOf":{"@id":"https:\/\/meggle.ba\/en\/#website"},"datePublished":"2021-08-12T08:00:10+00:00","breadcrumb":{"@id":"https:\/\/meggle.ba\/en\/product\/vrhnje-za-kavu-10-b-m\/#breadcrumb"},"inLanguage":"en-US","potentialAction":[{"@type":"ReadAction","target":["https:\/\/meggle.ba\/en\/product\/vrhnje-za-kavu-10-b-m\/"]}]},{"@type":"BreadcrumbList","@id":"https:\/\/meggle.ba\/en\/product\/vrhnje-za-kavu-10-b-m\/#breadcrumb","itemListElement":[{"@type":"ListItem","position":1,"name":"Home","item":"https:\/\/meggle.ba\/en\/"},{"@type":"ListItem","position":2,"name":"Vrhnje za kavu 10% b.m."}]},{"@type":"WebSite","@id":"https:\/\/meggle.ba\/en\/#website","url":"https:\/\/meggle.ba\/en\/","name":"Meggle","description":"","potentialAction":[{"@type":"SearchAction","target":{"@type":"EntryPoint","urlTemplate":"https:\/\/meggle.ba\/en\/?s={search_term_string}"},"query-input":{"@type":"PropertyValueSpecification","valueRequired":true,"valueName":"search_term_string"}}],"inLanguage":"en-US"}]}},"_links":{"self":[{"href":"https:\/\/meggle.ba\/en\/wp-json\/wp\/v2\/product\/3047","targetHints":{"allow":["GET"]}}],"collection":[{"href":"https:\/\/meggle.ba\/en\/wp-json\/wp\/v2\/product"}],"about":[{"href":"https:\/\/meggle.ba\/en\/wp-json\/wp\/v2\/types\/product"}],"wp:attachment":[{"href":"https:\/\/meggle.ba\/en\/wp-json\/wp\/v2\/media?parent=3047"}],"wp:term":[{"taxonomy":"product-category","embeddable":true,"href":"https:\/\/meggle.ba\/en\/wp-json\/wp\/v2\/product-category?post=3047"}],"curies":[{"name":"wp","href":"https:\/\/api.w.org\/{rel}","templated":true}]}}