{"id":3063,"date":"2021-08-10T10:03:21","date_gmt":"2021-08-10T10:03:21","guid":{"rendered":"https:\/\/meggleba.kord.red\/product\/antipasti-exclusive-mix-400g\/"},"modified":"2021-08-10T10:03:21","modified_gmt":"2021-08-10T10:03:21","slug":"antipasti-exclusive-mix-400g","status":"publish","type":"product","link":"https:\/\/meggle.ba\/en\/product\/antipasti-exclusive-mix-400g\/","title":{"rendered":"Antipasti Exclusive mix 400g"},"content":{"rendered":"\n<p>Poslu\u017eite bogatu kombinaciju najkvalitetnijih zelenih maslina, \u017eutih i crvenih cherry papri\u010dica punjenih svje\u017eim sirom i svako dru\u017eenje sa vama dragim ljudima postati \u0107e ekskluzivno. Nije bitno da li ste iskusni u kuhinji ili ste tek po\u010detnik, da li vam u goste dolazi mnogo prijatelja ili samo jedna draga osoba, ni to da li ste pripremili veliki broj peciva ili samo doma\u0107i vru\u0107 kruh &#8211; bitno je da imate Antipasti Exclusive mix i va\u0161e predjelo ce biti okarakterisano kao vrhunsko.<\/p>\n","protected":false},"template":"","product-category":[46],"class_list":["post-3063","product","type-product","status-publish","hentry","product-category-antipasti-appetizers"],"acf":[],"yoast_head":"<!-- This site is optimized with the Yoast SEO plugin v27.0 - https:\/\/yoast.com\/product\/yoast-seo-wordpress\/ -->\n<title>Antipasti Exclusive mix 400g - Meggle<\/title>\n<meta name=\"robots\" content=\"index, follow, max-snippet:-1, max-image-preview:large, max-video-preview:-1\" \/>\n<link rel=\"canonical\" href=\"https:\/\/meggle.ba\/en\/product\/antipasti-exclusive-mix-400g\/\" \/>\n<meta property=\"og:locale\" content=\"en_US\" \/>\n<meta property=\"og:type\" content=\"article\" \/>\n<meta property=\"og:title\" content=\"Antipasti Exclusive mix 400g - Meggle\" \/>\n<meta property=\"og:description\" content=\"Poslu\u017eite bogatu kombinaciju najkvalitetnijih zelenih maslina, \u017eutih i crvenih cherry papri\u010dica punjenih svje\u017eim sirom i svako dru\u017eenje sa vama dragim ljudima postati \u0107e ekskluzivno. Nije bitno da li ste iskusni &hellip;\" \/>\n<meta property=\"og:url\" content=\"https:\/\/meggle.ba\/en\/product\/antipasti-exclusive-mix-400g\/\" \/>\n<meta property=\"og:site_name\" content=\"Meggle\" \/>\n<meta name=\"twitter:card\" content=\"summary_large_image\" \/>\n<script type=\"application\/ld+json\" class=\"yoast-schema-graph\">{\"@context\":\"https:\/\/schema.org\",\"@graph\":[{\"@type\":\"WebPage\",\"@id\":\"https:\/\/meggle.ba\/en\/product\/antipasti-exclusive-mix-400g\/\",\"url\":\"https:\/\/meggle.ba\/en\/product\/antipasti-exclusive-mix-400g\/\",\"name\":\"Antipasti Exclusive mix 400g - Meggle\",\"isPartOf\":{\"@id\":\"https:\/\/meggle.ba\/en\/#website\"},\"datePublished\":\"2021-08-10T10:03:21+00:00\",\"breadcrumb\":{\"@id\":\"https:\/\/meggle.ba\/en\/product\/antipasti-exclusive-mix-400g\/#breadcrumb\"},\"inLanguage\":\"en-US\",\"potentialAction\":[{\"@type\":\"ReadAction\",\"target\":[\"https:\/\/meggle.ba\/en\/product\/antipasti-exclusive-mix-400g\/\"]}]},{\"@type\":\"BreadcrumbList\",\"@id\":\"https:\/\/meggle.ba\/en\/product\/antipasti-exclusive-mix-400g\/#breadcrumb\",\"itemListElement\":[{\"@type\":\"ListItem\",\"position\":1,\"name\":\"Home\",\"item\":\"https:\/\/meggle.ba\/en\/\"},{\"@type\":\"ListItem\",\"position\":2,\"name\":\"Antipasti Exclusive mix 400g\"}]},{\"@type\":\"WebSite\",\"@id\":\"https:\/\/meggle.ba\/en\/#website\",\"url\":\"https:\/\/meggle.ba\/en\/\",\"name\":\"Meggle\",\"description\":\"\",\"potentialAction\":[{\"@type\":\"SearchAction\",\"target\":{\"@type\":\"EntryPoint\",\"urlTemplate\":\"https:\/\/meggle.ba\/en\/?s={search_term_string}\"},\"query-input\":{\"@type\":\"PropertyValueSpecification\",\"valueRequired\":true,\"valueName\":\"search_term_string\"}}],\"inLanguage\":\"en-US\"}]}<\/script>\n<!-- \/ Yoast SEO plugin. -->","yoast_head_json":{"title":"Antipasti Exclusive mix 400g - Meggle","robots":{"index":"index","follow":"follow","max-snippet":"max-snippet:-1","max-image-preview":"max-image-preview:large","max-video-preview":"max-video-preview:-1"},"canonical":"https:\/\/meggle.ba\/en\/product\/antipasti-exclusive-mix-400g\/","og_locale":"en_US","og_type":"article","og_title":"Antipasti Exclusive mix 400g - Meggle","og_description":"Poslu\u017eite bogatu kombinaciju najkvalitetnijih zelenih maslina, \u017eutih i crvenih cherry papri\u010dica punjenih svje\u017eim sirom i svako dru\u017eenje sa vama dragim ljudima postati \u0107e ekskluzivno. Nije bitno da li ste iskusni &hellip;","og_url":"https:\/\/meggle.ba\/en\/product\/antipasti-exclusive-mix-400g\/","og_site_name":"Meggle","twitter_card":"summary_large_image","schema":{"@context":"https:\/\/schema.org","@graph":[{"@type":"WebPage","@id":"https:\/\/meggle.ba\/en\/product\/antipasti-exclusive-mix-400g\/","url":"https:\/\/meggle.ba\/en\/product\/antipasti-exclusive-mix-400g\/","name":"Antipasti Exclusive mix 400g - Meggle","isPartOf":{"@id":"https:\/\/meggle.ba\/en\/#website"},"datePublished":"2021-08-10T10:03:21+00:00","breadcrumb":{"@id":"https:\/\/meggle.ba\/en\/product\/antipasti-exclusive-mix-400g\/#breadcrumb"},"inLanguage":"en-US","potentialAction":[{"@type":"ReadAction","target":["https:\/\/meggle.ba\/en\/product\/antipasti-exclusive-mix-400g\/"]}]},{"@type":"BreadcrumbList","@id":"https:\/\/meggle.ba\/en\/product\/antipasti-exclusive-mix-400g\/#breadcrumb","itemListElement":[{"@type":"ListItem","position":1,"name":"Home","item":"https:\/\/meggle.ba\/en\/"},{"@type":"ListItem","position":2,"name":"Antipasti Exclusive mix 400g"}]},{"@type":"WebSite","@id":"https:\/\/meggle.ba\/en\/#website","url":"https:\/\/meggle.ba\/en\/","name":"Meggle","description":"","potentialAction":[{"@type":"SearchAction","target":{"@type":"EntryPoint","urlTemplate":"https:\/\/meggle.ba\/en\/?s={search_term_string}"},"query-input":{"@type":"PropertyValueSpecification","valueRequired":true,"valueName":"search_term_string"}}],"inLanguage":"en-US"}]}},"_links":{"self":[{"href":"https:\/\/meggle.ba\/en\/wp-json\/wp\/v2\/product\/3063","targetHints":{"allow":["GET"]}}],"collection":[{"href":"https:\/\/meggle.ba\/en\/wp-json\/wp\/v2\/product"}],"about":[{"href":"https:\/\/meggle.ba\/en\/wp-json\/wp\/v2\/types\/product"}],"wp:attachment":[{"href":"https:\/\/meggle.ba\/en\/wp-json\/wp\/v2\/media?parent=3063"}],"wp:term":[{"taxonomy":"product-category","embeddable":true,"href":"https:\/\/meggle.ba\/en\/wp-json\/wp\/v2\/product-category?post=3063"}],"curies":[{"name":"wp","href":"https:\/\/api.w.org\/{rel}","templated":true}]}}