{"id":3064,"date":"2021-08-10T09:56:11","date_gmt":"2021-08-10T09:56:11","guid":{"rendered":"https:\/\/meggleba.kord.red\/product\/antipasti-family-mix-400g\/"},"modified":"2021-08-10T09:56:11","modified_gmt":"2021-08-10T09:56:11","slug":"antipasti-family-mix-400g","status":"publish","type":"product","link":"https:\/\/meggle.ba\/en\/product\/antipasti-family-mix-400g\/","title":{"rendered":"Antipasti Family mix 400g"},"content":{"rendered":"\n<p>Kada \u017eelite da u jednom trenu okupite obitelj oko stola i va\u0161e dru\u017eenje malim zalogajima pretvorite u veliko u\u017eivanje, preporu\u010dujemo vam Antipasti Family Mix. Nema sumnje da \u0107e svaki \u010dlan obitelji, od najstarijeg do najmla\u0111eg, prona\u0107i svog favorita me\u0111u ponu\u0111enim okusima, ali \u0107e zajedni\u010dka \u017eelja svakog uku\u0107anina biti da se ovakva okupljanja ponavljaju \u0161to \u010de\u0161\u0107e.<\/p>\n","protected":false},"template":"","product-category":[46],"class_list":["post-3064","product","type-product","status-publish","hentry","product-category-antipasti-appetizers"],"acf":[],"yoast_head":"<!-- This site is optimized with the Yoast SEO plugin v27.0 - https:\/\/yoast.com\/product\/yoast-seo-wordpress\/ -->\n<title>Antipasti Family mix 400g - Meggle<\/title>\n<meta name=\"robots\" content=\"index, follow, max-snippet:-1, max-image-preview:large, max-video-preview:-1\" \/>\n<link rel=\"canonical\" href=\"https:\/\/meggle.ba\/en\/product\/antipasti-family-mix-400g\/\" \/>\n<meta property=\"og:locale\" content=\"en_US\" \/>\n<meta property=\"og:type\" content=\"article\" \/>\n<meta property=\"og:title\" content=\"Antipasti Family mix 400g - Meggle\" \/>\n<meta property=\"og:description\" content=\"Kada \u017eelite da u jednom trenu okupite obitelj oko stola i va\u0161e dru\u017eenje malim zalogajima pretvorite u veliko u\u017eivanje, preporu\u010dujemo vam Antipasti Family Mix. Nema sumnje da \u0107e svaki \u010dlan &hellip;\" \/>\n<meta property=\"og:url\" content=\"https:\/\/meggle.ba\/en\/product\/antipasti-family-mix-400g\/\" \/>\n<meta property=\"og:site_name\" content=\"Meggle\" \/>\n<meta name=\"twitter:card\" content=\"summary_large_image\" \/>\n<script type=\"application\/ld+json\" class=\"yoast-schema-graph\">{\"@context\":\"https:\/\/schema.org\",\"@graph\":[{\"@type\":\"WebPage\",\"@id\":\"https:\/\/meggle.ba\/en\/product\/antipasti-family-mix-400g\/\",\"url\":\"https:\/\/meggle.ba\/en\/product\/antipasti-family-mix-400g\/\",\"name\":\"Antipasti Family mix 400g - Meggle\",\"isPartOf\":{\"@id\":\"https:\/\/meggle.ba\/en\/#website\"},\"datePublished\":\"2021-08-10T09:56:11+00:00\",\"breadcrumb\":{\"@id\":\"https:\/\/meggle.ba\/en\/product\/antipasti-family-mix-400g\/#breadcrumb\"},\"inLanguage\":\"en-US\",\"potentialAction\":[{\"@type\":\"ReadAction\",\"target\":[\"https:\/\/meggle.ba\/en\/product\/antipasti-family-mix-400g\/\"]}]},{\"@type\":\"BreadcrumbList\",\"@id\":\"https:\/\/meggle.ba\/en\/product\/antipasti-family-mix-400g\/#breadcrumb\",\"itemListElement\":[{\"@type\":\"ListItem\",\"position\":1,\"name\":\"Home\",\"item\":\"https:\/\/meggle.ba\/en\/\"},{\"@type\":\"ListItem\",\"position\":2,\"name\":\"Antipasti Family mix 400g\"}]},{\"@type\":\"WebSite\",\"@id\":\"https:\/\/meggle.ba\/en\/#website\",\"url\":\"https:\/\/meggle.ba\/en\/\",\"name\":\"Meggle\",\"description\":\"\",\"potentialAction\":[{\"@type\":\"SearchAction\",\"target\":{\"@type\":\"EntryPoint\",\"urlTemplate\":\"https:\/\/meggle.ba\/en\/?s={search_term_string}\"},\"query-input\":{\"@type\":\"PropertyValueSpecification\",\"valueRequired\":true,\"valueName\":\"search_term_string\"}}],\"inLanguage\":\"en-US\"}]}<\/script>\n<!-- \/ Yoast SEO plugin. -->","yoast_head_json":{"title":"Antipasti Family mix 400g - Meggle","robots":{"index":"index","follow":"follow","max-snippet":"max-snippet:-1","max-image-preview":"max-image-preview:large","max-video-preview":"max-video-preview:-1"},"canonical":"https:\/\/meggle.ba\/en\/product\/antipasti-family-mix-400g\/","og_locale":"en_US","og_type":"article","og_title":"Antipasti Family mix 400g - Meggle","og_description":"Kada \u017eelite da u jednom trenu okupite obitelj oko stola i va\u0161e dru\u017eenje malim zalogajima pretvorite u veliko u\u017eivanje, preporu\u010dujemo vam Antipasti Family Mix. Nema sumnje da \u0107e svaki \u010dlan &hellip;","og_url":"https:\/\/meggle.ba\/en\/product\/antipasti-family-mix-400g\/","og_site_name":"Meggle","twitter_card":"summary_large_image","schema":{"@context":"https:\/\/schema.org","@graph":[{"@type":"WebPage","@id":"https:\/\/meggle.ba\/en\/product\/antipasti-family-mix-400g\/","url":"https:\/\/meggle.ba\/en\/product\/antipasti-family-mix-400g\/","name":"Antipasti Family mix 400g - Meggle","isPartOf":{"@id":"https:\/\/meggle.ba\/en\/#website"},"datePublished":"2021-08-10T09:56:11+00:00","breadcrumb":{"@id":"https:\/\/meggle.ba\/en\/product\/antipasti-family-mix-400g\/#breadcrumb"},"inLanguage":"en-US","potentialAction":[{"@type":"ReadAction","target":["https:\/\/meggle.ba\/en\/product\/antipasti-family-mix-400g\/"]}]},{"@type":"BreadcrumbList","@id":"https:\/\/meggle.ba\/en\/product\/antipasti-family-mix-400g\/#breadcrumb","itemListElement":[{"@type":"ListItem","position":1,"name":"Home","item":"https:\/\/meggle.ba\/en\/"},{"@type":"ListItem","position":2,"name":"Antipasti Family mix 400g"}]},{"@type":"WebSite","@id":"https:\/\/meggle.ba\/en\/#website","url":"https:\/\/meggle.ba\/en\/","name":"Meggle","description":"","potentialAction":[{"@type":"SearchAction","target":{"@type":"EntryPoint","urlTemplate":"https:\/\/meggle.ba\/en\/?s={search_term_string}"},"query-input":{"@type":"PropertyValueSpecification","valueRequired":true,"valueName":"search_term_string"}}],"inLanguage":"en-US"}]}},"_links":{"self":[{"href":"https:\/\/meggle.ba\/en\/wp-json\/wp\/v2\/product\/3064","targetHints":{"allow":["GET"]}}],"collection":[{"href":"https:\/\/meggle.ba\/en\/wp-json\/wp\/v2\/product"}],"about":[{"href":"https:\/\/meggle.ba\/en\/wp-json\/wp\/v2\/types\/product"}],"wp:attachment":[{"href":"https:\/\/meggle.ba\/en\/wp-json\/wp\/v2\/media?parent=3064"}],"wp:term":[{"taxonomy":"product-category","embeddable":true,"href":"https:\/\/meggle.ba\/en\/wp-json\/wp\/v2\/product-category?post=3064"}],"curies":[{"name":"wp","href":"https:\/\/api.w.org\/{rel}","templated":true}]}}