{"id":3065,"date":"2021-08-10T09:43:55","date_gmt":"2021-08-10T09:43:55","guid":{"rendered":"https:\/\/meggleba.kord.red\/product\/yellow-cherry-paprike-punjene-sirom-210g\/"},"modified":"2021-08-10T09:43:55","modified_gmt":"2021-08-10T09:43:55","slug":"yellow-cherry-paprike-punjene-sirom-210g","status":"publish","type":"product","link":"https:\/\/meggle.ba\/en\/product\/yellow-cherry-paprike-punjene-sirom-210g\/","title":{"rendered":"Yellow cherry paprike punjene sirom 210g"},"content":{"rendered":"\n<p>Pa\u017eljivo odabrane \u017eute cherry papri\u010dice ru\u010dno su punjene kvalitetnim i nadaleko poznatim Meggle svje\u017eim sirom i za\u010dinjene po jedinstvenoj recepturi koja je na\u0161a mala tajna. Ali kako tajne i onako postoje da budu otkrivene, pozivamo vas da isprobate na\u0161e ukusne \u017eute papri\u010dice punjene sa sirom i tajnu njihovog dobrog okusa slobodno otkrijete i drugima.<\/p>\n","protected":false},"template":"","product-category":[46],"class_list":["post-3065","product","type-product","status-publish","hentry","product-category-antipasti-appetizers"],"acf":[],"yoast_head":"<!-- This site is optimized with the Yoast SEO plugin v27.0 - https:\/\/yoast.com\/product\/yoast-seo-wordpress\/ -->\n<title>Yellow cherry paprike punjene sirom 210g - Meggle<\/title>\n<meta name=\"robots\" content=\"index, follow, max-snippet:-1, max-image-preview:large, max-video-preview:-1\" \/>\n<link rel=\"canonical\" href=\"https:\/\/meggle.ba\/en\/product\/yellow-cherry-paprike-punjene-sirom-210g\/\" \/>\n<meta property=\"og:locale\" content=\"en_US\" \/>\n<meta property=\"og:type\" content=\"article\" \/>\n<meta property=\"og:title\" content=\"Yellow cherry paprike punjene sirom 210g - Meggle\" \/>\n<meta property=\"og:description\" content=\"Pa\u017eljivo odabrane \u017eute cherry papri\u010dice ru\u010dno su punjene kvalitetnim i nadaleko poznatim Meggle svje\u017eim sirom i za\u010dinjene po jedinstvenoj recepturi koja je na\u0161a mala tajna. Ali kako tajne i onako &hellip;\" \/>\n<meta property=\"og:url\" content=\"https:\/\/meggle.ba\/en\/product\/yellow-cherry-paprike-punjene-sirom-210g\/\" \/>\n<meta property=\"og:site_name\" content=\"Meggle\" \/>\n<meta name=\"twitter:card\" content=\"summary_large_image\" \/>\n<script type=\"application\/ld+json\" class=\"yoast-schema-graph\">{\"@context\":\"https:\/\/schema.org\",\"@graph\":[{\"@type\":\"WebPage\",\"@id\":\"https:\/\/meggle.ba\/en\/product\/yellow-cherry-paprike-punjene-sirom-210g\/\",\"url\":\"https:\/\/meggle.ba\/en\/product\/yellow-cherry-paprike-punjene-sirom-210g\/\",\"name\":\"Yellow cherry paprike punjene sirom 210g - Meggle\",\"isPartOf\":{\"@id\":\"https:\/\/meggle.ba\/en\/#website\"},\"datePublished\":\"2021-08-10T09:43:55+00:00\",\"breadcrumb\":{\"@id\":\"https:\/\/meggle.ba\/en\/product\/yellow-cherry-paprike-punjene-sirom-210g\/#breadcrumb\"},\"inLanguage\":\"en-US\",\"potentialAction\":[{\"@type\":\"ReadAction\",\"target\":[\"https:\/\/meggle.ba\/en\/product\/yellow-cherry-paprike-punjene-sirom-210g\/\"]}]},{\"@type\":\"BreadcrumbList\",\"@id\":\"https:\/\/meggle.ba\/en\/product\/yellow-cherry-paprike-punjene-sirom-210g\/#breadcrumb\",\"itemListElement\":[{\"@type\":\"ListItem\",\"position\":1,\"name\":\"Home\",\"item\":\"https:\/\/meggle.ba\/en\/\"},{\"@type\":\"ListItem\",\"position\":2,\"name\":\"Yellow cherry paprike punjene sirom 210g\"}]},{\"@type\":\"WebSite\",\"@id\":\"https:\/\/meggle.ba\/en\/#website\",\"url\":\"https:\/\/meggle.ba\/en\/\",\"name\":\"Meggle\",\"description\":\"\",\"potentialAction\":[{\"@type\":\"SearchAction\",\"target\":{\"@type\":\"EntryPoint\",\"urlTemplate\":\"https:\/\/meggle.ba\/en\/?s={search_term_string}\"},\"query-input\":{\"@type\":\"PropertyValueSpecification\",\"valueRequired\":true,\"valueName\":\"search_term_string\"}}],\"inLanguage\":\"en-US\"}]}<\/script>\n<!-- \/ Yoast SEO plugin. -->","yoast_head_json":{"title":"Yellow cherry paprike punjene sirom 210g - Meggle","robots":{"index":"index","follow":"follow","max-snippet":"max-snippet:-1","max-image-preview":"max-image-preview:large","max-video-preview":"max-video-preview:-1"},"canonical":"https:\/\/meggle.ba\/en\/product\/yellow-cherry-paprike-punjene-sirom-210g\/","og_locale":"en_US","og_type":"article","og_title":"Yellow cherry paprike punjene sirom 210g - Meggle","og_description":"Pa\u017eljivo odabrane \u017eute cherry papri\u010dice ru\u010dno su punjene kvalitetnim i nadaleko poznatim Meggle svje\u017eim sirom i za\u010dinjene po jedinstvenoj recepturi koja je na\u0161a mala tajna. Ali kako tajne i onako &hellip;","og_url":"https:\/\/meggle.ba\/en\/product\/yellow-cherry-paprike-punjene-sirom-210g\/","og_site_name":"Meggle","twitter_card":"summary_large_image","schema":{"@context":"https:\/\/schema.org","@graph":[{"@type":"WebPage","@id":"https:\/\/meggle.ba\/en\/product\/yellow-cherry-paprike-punjene-sirom-210g\/","url":"https:\/\/meggle.ba\/en\/product\/yellow-cherry-paprike-punjene-sirom-210g\/","name":"Yellow cherry paprike punjene sirom 210g - Meggle","isPartOf":{"@id":"https:\/\/meggle.ba\/en\/#website"},"datePublished":"2021-08-10T09:43:55+00:00","breadcrumb":{"@id":"https:\/\/meggle.ba\/en\/product\/yellow-cherry-paprike-punjene-sirom-210g\/#breadcrumb"},"inLanguage":"en-US","potentialAction":[{"@type":"ReadAction","target":["https:\/\/meggle.ba\/en\/product\/yellow-cherry-paprike-punjene-sirom-210g\/"]}]},{"@type":"BreadcrumbList","@id":"https:\/\/meggle.ba\/en\/product\/yellow-cherry-paprike-punjene-sirom-210g\/#breadcrumb","itemListElement":[{"@type":"ListItem","position":1,"name":"Home","item":"https:\/\/meggle.ba\/en\/"},{"@type":"ListItem","position":2,"name":"Yellow cherry paprike punjene sirom 210g"}]},{"@type":"WebSite","@id":"https:\/\/meggle.ba\/en\/#website","url":"https:\/\/meggle.ba\/en\/","name":"Meggle","description":"","potentialAction":[{"@type":"SearchAction","target":{"@type":"EntryPoint","urlTemplate":"https:\/\/meggle.ba\/en\/?s={search_term_string}"},"query-input":{"@type":"PropertyValueSpecification","valueRequired":true,"valueName":"search_term_string"}}],"inLanguage":"en-US"}]}},"_links":{"self":[{"href":"https:\/\/meggle.ba\/en\/wp-json\/wp\/v2\/product\/3065","targetHints":{"allow":["GET"]}}],"collection":[{"href":"https:\/\/meggle.ba\/en\/wp-json\/wp\/v2\/product"}],"about":[{"href":"https:\/\/meggle.ba\/en\/wp-json\/wp\/v2\/types\/product"}],"wp:attachment":[{"href":"https:\/\/meggle.ba\/en\/wp-json\/wp\/v2\/media?parent=3065"}],"wp:term":[{"taxonomy":"product-category","embeddable":true,"href":"https:\/\/meggle.ba\/en\/wp-json\/wp\/v2\/product-category?post=3065"}],"curies":[{"name":"wp","href":"https:\/\/api.w.org\/{rel}","templated":true}]}}