{"id":3079,"date":"2021-05-22T15:56:11","date_gmt":"2021-05-22T15:56:11","guid":{"rendered":"https:\/\/meggleba.kord.red\/product\/creme-patisserie-200ml\/"},"modified":"2022-08-12T12:26:30","modified_gmt":"2022-08-12T12:26:30","slug":"creme-patisserie-200ml","status":"publish","type":"product","link":"https:\/\/meggle.ba\/en\/product\/creme-patisserie-200ml\/","title":{"rendered":"Creme Patisserie pripravak za \u0161lag s biljnom masti 200ml"},"content":{"rendered":"\n<p>Trebate li gustu i \u010dvrstu dekoraciju neodoljivog okusa ili dodatak va\u0161im slatkim kulinarskim djelima posegnite za MEGGLE Creme Patisserie pripravkom za \u0161lag s biljnom masti. Idealna je alternativa mlije\u010dnom vrhnju za \u0161lag. Pru\u017ea sve \u0161to vam je potrebno bez dodatnog u\u010dvr\u0161\u0107iva\u010da \u2013 veliku koli\u010dinu nakon umu\u0107ivanja, savr\u0161enu teksturu i neodoljivi okus. Lagan i ukusan, MEGGLE Creme Patisserie pripravak za \u0161lag s biljnom masti potra\u017eite u tri razli\u010dita pakiranja od 200 ml, 500 ml ili 1 l. Upotrijebite ga za vo\u0107ne salate, torte, kola\u010de ili kao dodatak svojoj kavi.<\/p>\n","protected":false},"template":"","product-category":[88],"class_list":["post-3079","product","type-product","status-publish","hentry","product-category-slag-en"],"acf":[],"yoast_head":"<!-- This site is optimized with the Yoast SEO plugin v27.0 - https:\/\/yoast.com\/product\/yoast-seo-wordpress\/ -->\n<title>Creme Patisserie pripravak za \u0161lag s biljnom masti 200ml - Meggle<\/title>\n<meta name=\"robots\" content=\"index, follow, max-snippet:-1, max-image-preview:large, max-video-preview:-1\" \/>\n<link rel=\"canonical\" href=\"https:\/\/meggle.ba\/en\/product\/creme-patisserie-200ml\/\" \/>\n<meta property=\"og:locale\" content=\"en_US\" \/>\n<meta property=\"og:type\" content=\"article\" \/>\n<meta property=\"og:title\" content=\"Creme Patisserie pripravak za \u0161lag s biljnom masti 200ml - Meggle\" \/>\n<meta property=\"og:description\" content=\"Trebate li gustu i \u010dvrstu dekoraciju neodoljivog okusa ili dodatak va\u0161im slatkim kulinarskim djelima posegnite za MEGGLE Creme Patisserie pripravkom za \u0161lag s biljnom masti. Idealna je alternativa mlije\u010dnom vrhnju &hellip;\" \/>\n<meta property=\"og:url\" content=\"https:\/\/meggle.ba\/en\/product\/creme-patisserie-200ml\/\" \/>\n<meta property=\"og:site_name\" content=\"Meggle\" \/>\n<meta property=\"article:modified_time\" content=\"2022-08-12T12:26:30+00:00\" \/>\n<meta name=\"twitter:card\" content=\"summary_large_image\" \/>\n<meta name=\"twitter:label1\" content=\"Est. reading time\" \/>\n\t<meta name=\"twitter:data1\" content=\"1 minute\" \/>\n<script type=\"application\/ld+json\" class=\"yoast-schema-graph\">{\"@context\":\"https:\/\/schema.org\",\"@graph\":[{\"@type\":\"WebPage\",\"@id\":\"https:\/\/meggle.ba\/en\/product\/creme-patisserie-200ml\/\",\"url\":\"https:\/\/meggle.ba\/en\/product\/creme-patisserie-200ml\/\",\"name\":\"Creme Patisserie pripravak za \u0161lag s biljnom masti 200ml - Meggle\",\"isPartOf\":{\"@id\":\"https:\/\/meggle.ba\/en\/#website\"},\"datePublished\":\"2021-05-22T15:56:11+00:00\",\"dateModified\":\"2022-08-12T12:26:30+00:00\",\"breadcrumb\":{\"@id\":\"https:\/\/meggle.ba\/en\/product\/creme-patisserie-200ml\/#breadcrumb\"},\"inLanguage\":\"en-US\",\"potentialAction\":[{\"@type\":\"ReadAction\",\"target\":[\"https:\/\/meggle.ba\/en\/product\/creme-patisserie-200ml\/\"]}]},{\"@type\":\"BreadcrumbList\",\"@id\":\"https:\/\/meggle.ba\/en\/product\/creme-patisserie-200ml\/#breadcrumb\",\"itemListElement\":[{\"@type\":\"ListItem\",\"position\":1,\"name\":\"Home\",\"item\":\"https:\/\/meggle.ba\/en\/\"},{\"@type\":\"ListItem\",\"position\":2,\"name\":\"Creme Patisserie pripravak za \u0161lag s biljnom masti 200ml\"}]},{\"@type\":\"WebSite\",\"@id\":\"https:\/\/meggle.ba\/en\/#website\",\"url\":\"https:\/\/meggle.ba\/en\/\",\"name\":\"Meggle\",\"description\":\"\",\"potentialAction\":[{\"@type\":\"SearchAction\",\"target\":{\"@type\":\"EntryPoint\",\"urlTemplate\":\"https:\/\/meggle.ba\/en\/?s={search_term_string}\"},\"query-input\":{\"@type\":\"PropertyValueSpecification\",\"valueRequired\":true,\"valueName\":\"search_term_string\"}}],\"inLanguage\":\"en-US\"}]}<\/script>\n<!-- \/ Yoast SEO plugin. -->","yoast_head_json":{"title":"Creme Patisserie pripravak za \u0161lag s biljnom masti 200ml - Meggle","robots":{"index":"index","follow":"follow","max-snippet":"max-snippet:-1","max-image-preview":"max-image-preview:large","max-video-preview":"max-video-preview:-1"},"canonical":"https:\/\/meggle.ba\/en\/product\/creme-patisserie-200ml\/","og_locale":"en_US","og_type":"article","og_title":"Creme Patisserie pripravak za \u0161lag s biljnom masti 200ml - Meggle","og_description":"Trebate li gustu i \u010dvrstu dekoraciju neodoljivog okusa ili dodatak va\u0161im slatkim kulinarskim djelima posegnite za MEGGLE Creme Patisserie pripravkom za \u0161lag s biljnom masti. Idealna je alternativa mlije\u010dnom vrhnju &hellip;","og_url":"https:\/\/meggle.ba\/en\/product\/creme-patisserie-200ml\/","og_site_name":"Meggle","article_modified_time":"2022-08-12T12:26:30+00:00","twitter_card":"summary_large_image","twitter_misc":{"Est. reading time":"1 minute"},"schema":{"@context":"https:\/\/schema.org","@graph":[{"@type":"WebPage","@id":"https:\/\/meggle.ba\/en\/product\/creme-patisserie-200ml\/","url":"https:\/\/meggle.ba\/en\/product\/creme-patisserie-200ml\/","name":"Creme Patisserie pripravak za \u0161lag s biljnom masti 200ml - Meggle","isPartOf":{"@id":"https:\/\/meggle.ba\/en\/#website"},"datePublished":"2021-05-22T15:56:11+00:00","dateModified":"2022-08-12T12:26:30+00:00","breadcrumb":{"@id":"https:\/\/meggle.ba\/en\/product\/creme-patisserie-200ml\/#breadcrumb"},"inLanguage":"en-US","potentialAction":[{"@type":"ReadAction","target":["https:\/\/meggle.ba\/en\/product\/creme-patisserie-200ml\/"]}]},{"@type":"BreadcrumbList","@id":"https:\/\/meggle.ba\/en\/product\/creme-patisserie-200ml\/#breadcrumb","itemListElement":[{"@type":"ListItem","position":1,"name":"Home","item":"https:\/\/meggle.ba\/en\/"},{"@type":"ListItem","position":2,"name":"Creme Patisserie pripravak za \u0161lag s biljnom masti 200ml"}]},{"@type":"WebSite","@id":"https:\/\/meggle.ba\/en\/#website","url":"https:\/\/meggle.ba\/en\/","name":"Meggle","description":"","potentialAction":[{"@type":"SearchAction","target":{"@type":"EntryPoint","urlTemplate":"https:\/\/meggle.ba\/en\/?s={search_term_string}"},"query-input":{"@type":"PropertyValueSpecification","valueRequired":true,"valueName":"search_term_string"}}],"inLanguage":"en-US"}]}},"_links":{"self":[{"href":"https:\/\/meggle.ba\/en\/wp-json\/wp\/v2\/product\/3079","targetHints":{"allow":["GET"]}}],"collection":[{"href":"https:\/\/meggle.ba\/en\/wp-json\/wp\/v2\/product"}],"about":[{"href":"https:\/\/meggle.ba\/en\/wp-json\/wp\/v2\/types\/product"}],"wp:attachment":[{"href":"https:\/\/meggle.ba\/en\/wp-json\/wp\/v2\/media?parent=3079"}],"wp:term":[{"taxonomy":"product-category","embeddable":true,"href":"https:\/\/meggle.ba\/en\/wp-json\/wp\/v2\/product-category?post=3079"}],"curies":[{"name":"wp","href":"https:\/\/api.w.org\/{rel}","templated":true}]}}