{"id":3081,"date":"2021-05-22T15:56:11","date_gmt":"2021-05-22T15:56:11","guid":{"rendered":"https:\/\/meggleba.kord.red\/product\/panna-cotta\/"},"modified":"2021-05-22T15:56:11","modified_gmt":"2021-05-22T15:56:11","slug":"panna-cotta","status":"publish","type":"product","link":"https:\/\/meggle.ba\/en\/product\/panna-cotta\/","title":{"rendered":"Panna cotta 1000ml"},"content":{"rendered":"\n<p>Panna Cotta je talijanski desert porijeklom iz Piedmonta. Ova kremasta delicija s okusom vanilije po strukturi \u0107e vas podsjetiti na puding, ali usu\u0111ujemo se re\u0107i da je jo\u0161 ukusnija. U\u017eivajte u laganom, ali nezaboravnom desertu\u2026 Samo pustite neka se polako topi u ustima. Osim neodoljivog okusa, Meggle Panna Cotta je poznata po iznimno jednostavnom na\u010dinu pripreme. U samo par minuta do premium deserta!<\/p>\n\n\n\n<p>Meggle Panna Cotta dolazi u pakiranju od 1000ml i 500ml.<\/p>\n","protected":false},"template":"","product-category":[86],"class_list":["post-3081","product","type-product","status-publish","hentry","product-category-desserts"],"acf":[],"yoast_head":"<!-- This site is optimized with the Yoast SEO plugin v27.0 - https:\/\/yoast.com\/product\/yoast-seo-wordpress\/ -->\n<title>Panna cotta 1000ml - Meggle<\/title>\n<meta name=\"robots\" content=\"index, follow, max-snippet:-1, max-image-preview:large, max-video-preview:-1\" \/>\n<link rel=\"canonical\" href=\"https:\/\/meggle.ba\/en\/product\/panna-cotta\/\" \/>\n<meta property=\"og:locale\" content=\"en_US\" \/>\n<meta property=\"og:type\" content=\"article\" \/>\n<meta property=\"og:title\" content=\"Panna cotta 1000ml - Meggle\" \/>\n<meta property=\"og:description\" content=\"Panna Cotta je talijanski desert porijeklom iz Piedmonta. Ova kremasta delicija s okusom vanilije po strukturi \u0107e vas podsjetiti na puding, ali usu\u0111ujemo se re\u0107i da je jo\u0161 ukusnija. U\u017eivajte &hellip;\" \/>\n<meta property=\"og:url\" content=\"https:\/\/meggle.ba\/en\/product\/panna-cotta\/\" \/>\n<meta property=\"og:site_name\" content=\"Meggle\" \/>\n<meta name=\"twitter:card\" content=\"summary_large_image\" \/>\n<meta name=\"twitter:label1\" content=\"Est. reading time\" \/>\n\t<meta name=\"twitter:data1\" content=\"1 minute\" \/>\n<script type=\"application\/ld+json\" class=\"yoast-schema-graph\">{\"@context\":\"https:\/\/schema.org\",\"@graph\":[{\"@type\":\"WebPage\",\"@id\":\"https:\/\/meggle.ba\/en\/product\/panna-cotta\/\",\"url\":\"https:\/\/meggle.ba\/en\/product\/panna-cotta\/\",\"name\":\"Panna cotta 1000ml - Meggle\",\"isPartOf\":{\"@id\":\"https:\/\/meggle.ba\/en\/#website\"},\"datePublished\":\"2021-05-22T15:56:11+00:00\",\"breadcrumb\":{\"@id\":\"https:\/\/meggle.ba\/en\/product\/panna-cotta\/#breadcrumb\"},\"inLanguage\":\"en-US\",\"potentialAction\":[{\"@type\":\"ReadAction\",\"target\":[\"https:\/\/meggle.ba\/en\/product\/panna-cotta\/\"]}]},{\"@type\":\"BreadcrumbList\",\"@id\":\"https:\/\/meggle.ba\/en\/product\/panna-cotta\/#breadcrumb\",\"itemListElement\":[{\"@type\":\"ListItem\",\"position\":1,\"name\":\"Home\",\"item\":\"https:\/\/meggle.ba\/en\/\"},{\"@type\":\"ListItem\",\"position\":2,\"name\":\"Panna cotta 1000ml\"}]},{\"@type\":\"WebSite\",\"@id\":\"https:\/\/meggle.ba\/en\/#website\",\"url\":\"https:\/\/meggle.ba\/en\/\",\"name\":\"Meggle\",\"description\":\"\",\"potentialAction\":[{\"@type\":\"SearchAction\",\"target\":{\"@type\":\"EntryPoint\",\"urlTemplate\":\"https:\/\/meggle.ba\/en\/?s={search_term_string}\"},\"query-input\":{\"@type\":\"PropertyValueSpecification\",\"valueRequired\":true,\"valueName\":\"search_term_string\"}}],\"inLanguage\":\"en-US\"}]}<\/script>\n<!-- \/ Yoast SEO plugin. -->","yoast_head_json":{"title":"Panna cotta 1000ml - Meggle","robots":{"index":"index","follow":"follow","max-snippet":"max-snippet:-1","max-image-preview":"max-image-preview:large","max-video-preview":"max-video-preview:-1"},"canonical":"https:\/\/meggle.ba\/en\/product\/panna-cotta\/","og_locale":"en_US","og_type":"article","og_title":"Panna cotta 1000ml - Meggle","og_description":"Panna Cotta je talijanski desert porijeklom iz Piedmonta. Ova kremasta delicija s okusom vanilije po strukturi \u0107e vas podsjetiti na puding, ali usu\u0111ujemo se re\u0107i da je jo\u0161 ukusnija. U\u017eivajte &hellip;","og_url":"https:\/\/meggle.ba\/en\/product\/panna-cotta\/","og_site_name":"Meggle","twitter_card":"summary_large_image","twitter_misc":{"Est. reading time":"1 minute"},"schema":{"@context":"https:\/\/schema.org","@graph":[{"@type":"WebPage","@id":"https:\/\/meggle.ba\/en\/product\/panna-cotta\/","url":"https:\/\/meggle.ba\/en\/product\/panna-cotta\/","name":"Panna cotta 1000ml - Meggle","isPartOf":{"@id":"https:\/\/meggle.ba\/en\/#website"},"datePublished":"2021-05-22T15:56:11+00:00","breadcrumb":{"@id":"https:\/\/meggle.ba\/en\/product\/panna-cotta\/#breadcrumb"},"inLanguage":"en-US","potentialAction":[{"@type":"ReadAction","target":["https:\/\/meggle.ba\/en\/product\/panna-cotta\/"]}]},{"@type":"BreadcrumbList","@id":"https:\/\/meggle.ba\/en\/product\/panna-cotta\/#breadcrumb","itemListElement":[{"@type":"ListItem","position":1,"name":"Home","item":"https:\/\/meggle.ba\/en\/"},{"@type":"ListItem","position":2,"name":"Panna cotta 1000ml"}]},{"@type":"WebSite","@id":"https:\/\/meggle.ba\/en\/#website","url":"https:\/\/meggle.ba\/en\/","name":"Meggle","description":"","potentialAction":[{"@type":"SearchAction","target":{"@type":"EntryPoint","urlTemplate":"https:\/\/meggle.ba\/en\/?s={search_term_string}"},"query-input":{"@type":"PropertyValueSpecification","valueRequired":true,"valueName":"search_term_string"}}],"inLanguage":"en-US"}]}},"_links":{"self":[{"href":"https:\/\/meggle.ba\/en\/wp-json\/wp\/v2\/product\/3081","targetHints":{"allow":["GET"]}}],"collection":[{"href":"https:\/\/meggle.ba\/en\/wp-json\/wp\/v2\/product"}],"about":[{"href":"https:\/\/meggle.ba\/en\/wp-json\/wp\/v2\/types\/product"}],"wp:attachment":[{"href":"https:\/\/meggle.ba\/en\/wp-json\/wp\/v2\/media?parent=3081"}],"wp:term":[{"taxonomy":"product-category","embeddable":true,"href":"https:\/\/meggle.ba\/en\/wp-json\/wp\/v2\/product-category?post=3081"}],"curies":[{"name":"wp","href":"https:\/\/api.w.org\/{rel}","templated":true}]}}