{"id":3084,"date":"2021-05-22T15:56:11","date_gmt":"2021-05-22T15:56:11","guid":{"rendered":"https:\/\/meggleba.kord.red\/product\/baguette-sa-zacinskim-biljem\/"},"modified":"2021-05-22T15:56:11","modified_gmt":"2021-05-22T15:56:11","slug":"baguette-sa-zacinskim-biljem","status":"publish","type":"product","link":"https:\/\/meggle.ba\/en\/product\/baguette-sa-zacinskim-biljem\/","title":{"rendered":"Baguette sa za\u010dinskim biljem"},"content":{"rendered":"\n<p>Sve je po\u010delo s Meggle baguettima sa za\u010dinskim biljem. Ova gurmanska poslastica je prvi put lansirana 1955. godine, a danas ne mo\u017eete ni zamisliti rasko\u0161nu trpezu bez ovog pekarskog proizvoda. To je zalogaj savr\u0161en sam za sebe, ali oni ekstra zahtjevni gurmani kombinirat \u0107e ga i uz druge Meggle mlije\u010dne proizvode.<\/p>\n","protected":false},"template":"","product-category":[50],"class_list":["post-3084","product","type-product","status-publish","hentry","product-category-baguette-en"],"acf":[],"yoast_head":"<!-- This site is optimized with the Yoast SEO plugin v27.0 - https:\/\/yoast.com\/product\/yoast-seo-wordpress\/ -->\n<title>Baguette sa za\u010dinskim biljem - Meggle<\/title>\n<meta name=\"robots\" content=\"index, follow, max-snippet:-1, max-image-preview:large, max-video-preview:-1\" \/>\n<link rel=\"canonical\" href=\"https:\/\/meggle.ba\/en\/product\/baguette-sa-zacinskim-biljem\/\" \/>\n<meta property=\"og:locale\" content=\"en_US\" \/>\n<meta property=\"og:type\" content=\"article\" \/>\n<meta property=\"og:title\" content=\"Baguette sa za\u010dinskim biljem - Meggle\" \/>\n<meta property=\"og:description\" content=\"Sve je po\u010delo s Meggle baguettima sa za\u010dinskim biljem. Ova gurmanska poslastica je prvi put lansirana 1955. godine, a danas ne mo\u017eete ni zamisliti rasko\u0161nu trpezu bez ovog pekarskog proizvoda. &hellip;\" \/>\n<meta property=\"og:url\" content=\"https:\/\/meggle.ba\/en\/product\/baguette-sa-zacinskim-biljem\/\" \/>\n<meta property=\"og:site_name\" content=\"Meggle\" \/>\n<meta name=\"twitter:card\" content=\"summary_large_image\" \/>\n<meta name=\"twitter:label1\" content=\"Est. reading time\" \/>\n\t<meta name=\"twitter:data1\" content=\"1 minute\" \/>\n<script type=\"application\/ld+json\" class=\"yoast-schema-graph\">{\"@context\":\"https:\/\/schema.org\",\"@graph\":[{\"@type\":\"WebPage\",\"@id\":\"https:\/\/meggle.ba\/en\/product\/baguette-sa-zacinskim-biljem\/\",\"url\":\"https:\/\/meggle.ba\/en\/product\/baguette-sa-zacinskim-biljem\/\",\"name\":\"Baguette sa za\u010dinskim biljem - Meggle\",\"isPartOf\":{\"@id\":\"https:\/\/meggle.ba\/en\/#website\"},\"datePublished\":\"2021-05-22T15:56:11+00:00\",\"breadcrumb\":{\"@id\":\"https:\/\/meggle.ba\/en\/product\/baguette-sa-zacinskim-biljem\/#breadcrumb\"},\"inLanguage\":\"en-US\",\"potentialAction\":[{\"@type\":\"ReadAction\",\"target\":[\"https:\/\/meggle.ba\/en\/product\/baguette-sa-zacinskim-biljem\/\"]}]},{\"@type\":\"BreadcrumbList\",\"@id\":\"https:\/\/meggle.ba\/en\/product\/baguette-sa-zacinskim-biljem\/#breadcrumb\",\"itemListElement\":[{\"@type\":\"ListItem\",\"position\":1,\"name\":\"Home\",\"item\":\"https:\/\/meggle.ba\/en\/\"},{\"@type\":\"ListItem\",\"position\":2,\"name\":\"Baguette sa za\u010dinskim biljem\"}]},{\"@type\":\"WebSite\",\"@id\":\"https:\/\/meggle.ba\/en\/#website\",\"url\":\"https:\/\/meggle.ba\/en\/\",\"name\":\"Meggle\",\"description\":\"\",\"potentialAction\":[{\"@type\":\"SearchAction\",\"target\":{\"@type\":\"EntryPoint\",\"urlTemplate\":\"https:\/\/meggle.ba\/en\/?s={search_term_string}\"},\"query-input\":{\"@type\":\"PropertyValueSpecification\",\"valueRequired\":true,\"valueName\":\"search_term_string\"}}],\"inLanguage\":\"en-US\"}]}<\/script>\n<!-- \/ Yoast SEO plugin. -->","yoast_head_json":{"title":"Baguette sa za\u010dinskim biljem - Meggle","robots":{"index":"index","follow":"follow","max-snippet":"max-snippet:-1","max-image-preview":"max-image-preview:large","max-video-preview":"max-video-preview:-1"},"canonical":"https:\/\/meggle.ba\/en\/product\/baguette-sa-zacinskim-biljem\/","og_locale":"en_US","og_type":"article","og_title":"Baguette sa za\u010dinskim biljem - Meggle","og_description":"Sve je po\u010delo s Meggle baguettima sa za\u010dinskim biljem. Ova gurmanska poslastica je prvi put lansirana 1955. godine, a danas ne mo\u017eete ni zamisliti rasko\u0161nu trpezu bez ovog pekarskog proizvoda. &hellip;","og_url":"https:\/\/meggle.ba\/en\/product\/baguette-sa-zacinskim-biljem\/","og_site_name":"Meggle","twitter_card":"summary_large_image","twitter_misc":{"Est. reading time":"1 minute"},"schema":{"@context":"https:\/\/schema.org","@graph":[{"@type":"WebPage","@id":"https:\/\/meggle.ba\/en\/product\/baguette-sa-zacinskim-biljem\/","url":"https:\/\/meggle.ba\/en\/product\/baguette-sa-zacinskim-biljem\/","name":"Baguette sa za\u010dinskim biljem - Meggle","isPartOf":{"@id":"https:\/\/meggle.ba\/en\/#website"},"datePublished":"2021-05-22T15:56:11+00:00","breadcrumb":{"@id":"https:\/\/meggle.ba\/en\/product\/baguette-sa-zacinskim-biljem\/#breadcrumb"},"inLanguage":"en-US","potentialAction":[{"@type":"ReadAction","target":["https:\/\/meggle.ba\/en\/product\/baguette-sa-zacinskim-biljem\/"]}]},{"@type":"BreadcrumbList","@id":"https:\/\/meggle.ba\/en\/product\/baguette-sa-zacinskim-biljem\/#breadcrumb","itemListElement":[{"@type":"ListItem","position":1,"name":"Home","item":"https:\/\/meggle.ba\/en\/"},{"@type":"ListItem","position":2,"name":"Baguette sa za\u010dinskim biljem"}]},{"@type":"WebSite","@id":"https:\/\/meggle.ba\/en\/#website","url":"https:\/\/meggle.ba\/en\/","name":"Meggle","description":"","potentialAction":[{"@type":"SearchAction","target":{"@type":"EntryPoint","urlTemplate":"https:\/\/meggle.ba\/en\/?s={search_term_string}"},"query-input":{"@type":"PropertyValueSpecification","valueRequired":true,"valueName":"search_term_string"}}],"inLanguage":"en-US"}]}},"_links":{"self":[{"href":"https:\/\/meggle.ba\/en\/wp-json\/wp\/v2\/product\/3084","targetHints":{"allow":["GET"]}}],"collection":[{"href":"https:\/\/meggle.ba\/en\/wp-json\/wp\/v2\/product"}],"about":[{"href":"https:\/\/meggle.ba\/en\/wp-json\/wp\/v2\/types\/product"}],"wp:attachment":[{"href":"https:\/\/meggle.ba\/en\/wp-json\/wp\/v2\/media?parent=3084"}],"wp:term":[{"taxonomy":"product-category","embeddable":true,"href":"https:\/\/meggle.ba\/en\/wp-json\/wp\/v2\/product-category?post=3084"}],"curies":[{"name":"wp","href":"https:\/\/api.w.org\/{rel}","templated":true}]}}