{"id":3086,"date":"2021-05-22T15:47:31","date_gmt":"2021-05-22T15:47:31","guid":{"rendered":"https:\/\/meggleba.kord.red\/product\/paprika-u-pavlaci-ljuta\/"},"modified":"2021-05-22T15:47:31","modified_gmt":"2021-05-22T15:47:31","slug":"paprika-u-pavlaci-ljuta","status":"publish","type":"product","link":"https:\/\/meggle.ba\/en\/product\/paprika-u-pavlaci-ljuta\/","title":{"rendered":"Paprika u pavlaci &#8211; ljuta"},"content":{"rendered":"\n<p>Ovim miniobrocima sigurno budimo gurmana u vama! MEGGLE kisela paprika u pavlaci \u0107e vas odu\u0161eviti. Za ovu ukusnu kombinaciju birali smo blage paprike i vrhunsku MEGGLE pavlaku te sve skupa ukomponirali u iznimno ukusno minijelo po na\u0161oj recepturi. MEGGLE papriku u pavlaci rasko\u0161no bogatog okusa potra\u017eite u pakiranju od 230 g.<\/p>\n","protected":false},"template":"","product-category":[48],"class_list":["post-3086","product","type-product","status-publish","hentry","product-category-peppers-in-sourcream"],"acf":[],"yoast_head":"<!-- This site is optimized with the Yoast SEO plugin v27.0 - https:\/\/yoast.com\/product\/yoast-seo-wordpress\/ -->\n<title>Paprika u pavlaci - ljuta - Meggle<\/title>\n<meta name=\"robots\" content=\"index, follow, max-snippet:-1, max-image-preview:large, max-video-preview:-1\" \/>\n<link rel=\"canonical\" href=\"https:\/\/meggle.ba\/en\/product\/paprika-u-pavlaci-ljuta\/\" \/>\n<meta property=\"og:locale\" content=\"en_US\" \/>\n<meta property=\"og:type\" content=\"article\" \/>\n<meta property=\"og:title\" content=\"Paprika u pavlaci - ljuta - Meggle\" \/>\n<meta property=\"og:description\" content=\"Ovim miniobrocima sigurno budimo gurmana u vama! MEGGLE kisela paprika u pavlaci \u0107e vas odu\u0161eviti. Za ovu ukusnu kombinaciju birali smo blage paprike i vrhunsku MEGGLE pavlaku te sve skupa &hellip;\" \/>\n<meta property=\"og:url\" content=\"https:\/\/meggle.ba\/en\/product\/paprika-u-pavlaci-ljuta\/\" \/>\n<meta property=\"og:site_name\" content=\"Meggle\" \/>\n<meta name=\"twitter:card\" content=\"summary_large_image\" \/>\n<meta name=\"twitter:label1\" content=\"Est. reading time\" \/>\n\t<meta name=\"twitter:data1\" content=\"1 minute\" \/>\n<script type=\"application\/ld+json\" class=\"yoast-schema-graph\">{\"@context\":\"https:\/\/schema.org\",\"@graph\":[{\"@type\":\"WebPage\",\"@id\":\"https:\/\/meggle.ba\/en\/product\/paprika-u-pavlaci-ljuta\/\",\"url\":\"https:\/\/meggle.ba\/en\/product\/paprika-u-pavlaci-ljuta\/\",\"name\":\"Paprika u pavlaci - ljuta - Meggle\",\"isPartOf\":{\"@id\":\"https:\/\/meggle.ba\/en\/#website\"},\"datePublished\":\"2021-05-22T15:47:31+00:00\",\"breadcrumb\":{\"@id\":\"https:\/\/meggle.ba\/en\/product\/paprika-u-pavlaci-ljuta\/#breadcrumb\"},\"inLanguage\":\"en-US\",\"potentialAction\":[{\"@type\":\"ReadAction\",\"target\":[\"https:\/\/meggle.ba\/en\/product\/paprika-u-pavlaci-ljuta\/\"]}]},{\"@type\":\"BreadcrumbList\",\"@id\":\"https:\/\/meggle.ba\/en\/product\/paprika-u-pavlaci-ljuta\/#breadcrumb\",\"itemListElement\":[{\"@type\":\"ListItem\",\"position\":1,\"name\":\"Home\",\"item\":\"https:\/\/meggle.ba\/en\/\"},{\"@type\":\"ListItem\",\"position\":2,\"name\":\"Paprika u pavlaci &#8211; ljuta\"}]},{\"@type\":\"WebSite\",\"@id\":\"https:\/\/meggle.ba\/en\/#website\",\"url\":\"https:\/\/meggle.ba\/en\/\",\"name\":\"Meggle\",\"description\":\"\",\"potentialAction\":[{\"@type\":\"SearchAction\",\"target\":{\"@type\":\"EntryPoint\",\"urlTemplate\":\"https:\/\/meggle.ba\/en\/?s={search_term_string}\"},\"query-input\":{\"@type\":\"PropertyValueSpecification\",\"valueRequired\":true,\"valueName\":\"search_term_string\"}}],\"inLanguage\":\"en-US\"}]}<\/script>\n<!-- \/ Yoast SEO plugin. -->","yoast_head_json":{"title":"Paprika u pavlaci - ljuta - Meggle","robots":{"index":"index","follow":"follow","max-snippet":"max-snippet:-1","max-image-preview":"max-image-preview:large","max-video-preview":"max-video-preview:-1"},"canonical":"https:\/\/meggle.ba\/en\/product\/paprika-u-pavlaci-ljuta\/","og_locale":"en_US","og_type":"article","og_title":"Paprika u pavlaci - ljuta - Meggle","og_description":"Ovim miniobrocima sigurno budimo gurmana u vama! MEGGLE kisela paprika u pavlaci \u0107e vas odu\u0161eviti. Za ovu ukusnu kombinaciju birali smo blage paprike i vrhunsku MEGGLE pavlaku te sve skupa &hellip;","og_url":"https:\/\/meggle.ba\/en\/product\/paprika-u-pavlaci-ljuta\/","og_site_name":"Meggle","twitter_card":"summary_large_image","twitter_misc":{"Est. reading time":"1 minute"},"schema":{"@context":"https:\/\/schema.org","@graph":[{"@type":"WebPage","@id":"https:\/\/meggle.ba\/en\/product\/paprika-u-pavlaci-ljuta\/","url":"https:\/\/meggle.ba\/en\/product\/paprika-u-pavlaci-ljuta\/","name":"Paprika u pavlaci - ljuta - Meggle","isPartOf":{"@id":"https:\/\/meggle.ba\/en\/#website"},"datePublished":"2021-05-22T15:47:31+00:00","breadcrumb":{"@id":"https:\/\/meggle.ba\/en\/product\/paprika-u-pavlaci-ljuta\/#breadcrumb"},"inLanguage":"en-US","potentialAction":[{"@type":"ReadAction","target":["https:\/\/meggle.ba\/en\/product\/paprika-u-pavlaci-ljuta\/"]}]},{"@type":"BreadcrumbList","@id":"https:\/\/meggle.ba\/en\/product\/paprika-u-pavlaci-ljuta\/#breadcrumb","itemListElement":[{"@type":"ListItem","position":1,"name":"Home","item":"https:\/\/meggle.ba\/en\/"},{"@type":"ListItem","position":2,"name":"Paprika u pavlaci &#8211; ljuta"}]},{"@type":"WebSite","@id":"https:\/\/meggle.ba\/en\/#website","url":"https:\/\/meggle.ba\/en\/","name":"Meggle","description":"","potentialAction":[{"@type":"SearchAction","target":{"@type":"EntryPoint","urlTemplate":"https:\/\/meggle.ba\/en\/?s={search_term_string}"},"query-input":{"@type":"PropertyValueSpecification","valueRequired":true,"valueName":"search_term_string"}}],"inLanguage":"en-US"}]}},"_links":{"self":[{"href":"https:\/\/meggle.ba\/en\/wp-json\/wp\/v2\/product\/3086","targetHints":{"allow":["GET"]}}],"collection":[{"href":"https:\/\/meggle.ba\/en\/wp-json\/wp\/v2\/product"}],"about":[{"href":"https:\/\/meggle.ba\/en\/wp-json\/wp\/v2\/types\/product"}],"wp:attachment":[{"href":"https:\/\/meggle.ba\/en\/wp-json\/wp\/v2\/media?parent=3086"}],"wp:term":[{"taxonomy":"product-category","embeddable":true,"href":"https:\/\/meggle.ba\/en\/wp-json\/wp\/v2\/product-category?post=3086"}],"curies":[{"name":"wp","href":"https:\/\/api.w.org\/{rel}","templated":true}]}}