{"id":3087,"date":"2021-05-22T15:43:09","date_gmt":"2021-05-22T15:43:09","guid":{"rendered":"https:\/\/meggleba.kord.red\/product\/antipasti-cherry-paprike-punjene-sirom-210g\/"},"modified":"2021-05-22T15:43:09","modified_gmt":"2021-05-22T15:43:09","slug":"antipasti-cherry-paprike-punjene-sirom-210g","status":"publish","type":"product","link":"https:\/\/meggle.ba\/en\/product\/antipasti-cherry-paprike-punjene-sirom-210g\/","title":{"rendered":"Antipasti cherry paprike punjene sirom 210g"},"content":{"rendered":"\n<p>MEGGLE Antipasti su drugo ime za ukusno predjelo. Na\u0161e pa\u017eljivo odabrane mini papri\u010dice ru\u010dno su punjene kvalitetnim MEGGLE svje\u017eim sirom i za\u010dinjene po jedinstvenoj recepturi. U\u017eivat \u0107ete!<\/p>\n","protected":false},"template":"","product-category":[46],"class_list":["post-3087","product","type-product","status-publish","hentry","product-category-antipasti-appetizers"],"acf":[],"yoast_head":"<!-- This site is optimized with the Yoast SEO plugin v27.0 - https:\/\/yoast.com\/product\/yoast-seo-wordpress\/ -->\n<title>Antipasti cherry paprike punjene sirom 210g - Meggle<\/title>\n<meta name=\"robots\" content=\"index, follow, max-snippet:-1, max-image-preview:large, max-video-preview:-1\" \/>\n<link rel=\"canonical\" href=\"https:\/\/meggle.ba\/en\/product\/antipasti-cherry-paprike-punjene-sirom-210g\/\" \/>\n<meta property=\"og:locale\" content=\"en_US\" \/>\n<meta property=\"og:type\" content=\"article\" \/>\n<meta property=\"og:title\" content=\"Antipasti cherry paprike punjene sirom 210g - Meggle\" \/>\n<meta property=\"og:description\" content=\"MEGGLE Antipasti su drugo ime za ukusno predjelo. Na\u0161e pa\u017eljivo odabrane mini papri\u010dice ru\u010dno su punjene kvalitetnim MEGGLE svje\u017eim sirom i za\u010dinjene po jedinstvenoj recepturi. U\u017eivat \u0107ete!\" \/>\n<meta property=\"og:url\" content=\"https:\/\/meggle.ba\/en\/product\/antipasti-cherry-paprike-punjene-sirom-210g\/\" \/>\n<meta property=\"og:site_name\" content=\"Meggle\" \/>\n<meta name=\"twitter:card\" content=\"summary_large_image\" \/>\n<meta name=\"twitter:label1\" content=\"Est. reading time\" \/>\n\t<meta name=\"twitter:data1\" content=\"1 minute\" \/>\n<script type=\"application\/ld+json\" class=\"yoast-schema-graph\">{\"@context\":\"https:\/\/schema.org\",\"@graph\":[{\"@type\":\"WebPage\",\"@id\":\"https:\/\/meggle.ba\/en\/product\/antipasti-cherry-paprike-punjene-sirom-210g\/\",\"url\":\"https:\/\/meggle.ba\/en\/product\/antipasti-cherry-paprike-punjene-sirom-210g\/\",\"name\":\"Antipasti cherry paprike punjene sirom 210g - Meggle\",\"isPartOf\":{\"@id\":\"https:\/\/meggle.ba\/en\/#website\"},\"datePublished\":\"2021-05-22T15:43:09+00:00\",\"breadcrumb\":{\"@id\":\"https:\/\/meggle.ba\/en\/product\/antipasti-cherry-paprike-punjene-sirom-210g\/#breadcrumb\"},\"inLanguage\":\"en-US\",\"potentialAction\":[{\"@type\":\"ReadAction\",\"target\":[\"https:\/\/meggle.ba\/en\/product\/antipasti-cherry-paprike-punjene-sirom-210g\/\"]}]},{\"@type\":\"BreadcrumbList\",\"@id\":\"https:\/\/meggle.ba\/en\/product\/antipasti-cherry-paprike-punjene-sirom-210g\/#breadcrumb\",\"itemListElement\":[{\"@type\":\"ListItem\",\"position\":1,\"name\":\"Home\",\"item\":\"https:\/\/meggle.ba\/en\/\"},{\"@type\":\"ListItem\",\"position\":2,\"name\":\"Antipasti cherry paprike punjene sirom 210g\"}]},{\"@type\":\"WebSite\",\"@id\":\"https:\/\/meggle.ba\/en\/#website\",\"url\":\"https:\/\/meggle.ba\/en\/\",\"name\":\"Meggle\",\"description\":\"\",\"potentialAction\":[{\"@type\":\"SearchAction\",\"target\":{\"@type\":\"EntryPoint\",\"urlTemplate\":\"https:\/\/meggle.ba\/en\/?s={search_term_string}\"},\"query-input\":{\"@type\":\"PropertyValueSpecification\",\"valueRequired\":true,\"valueName\":\"search_term_string\"}}],\"inLanguage\":\"en-US\"}]}<\/script>\n<!-- \/ Yoast SEO plugin. -->","yoast_head_json":{"title":"Antipasti cherry paprike punjene sirom 210g - Meggle","robots":{"index":"index","follow":"follow","max-snippet":"max-snippet:-1","max-image-preview":"max-image-preview:large","max-video-preview":"max-video-preview:-1"},"canonical":"https:\/\/meggle.ba\/en\/product\/antipasti-cherry-paprike-punjene-sirom-210g\/","og_locale":"en_US","og_type":"article","og_title":"Antipasti cherry paprike punjene sirom 210g - Meggle","og_description":"MEGGLE Antipasti su drugo ime za ukusno predjelo. Na\u0161e pa\u017eljivo odabrane mini papri\u010dice ru\u010dno su punjene kvalitetnim MEGGLE svje\u017eim sirom i za\u010dinjene po jedinstvenoj recepturi. U\u017eivat \u0107ete!","og_url":"https:\/\/meggle.ba\/en\/product\/antipasti-cherry-paprike-punjene-sirom-210g\/","og_site_name":"Meggle","twitter_card":"summary_large_image","twitter_misc":{"Est. reading time":"1 minute"},"schema":{"@context":"https:\/\/schema.org","@graph":[{"@type":"WebPage","@id":"https:\/\/meggle.ba\/en\/product\/antipasti-cherry-paprike-punjene-sirom-210g\/","url":"https:\/\/meggle.ba\/en\/product\/antipasti-cherry-paprike-punjene-sirom-210g\/","name":"Antipasti cherry paprike punjene sirom 210g - Meggle","isPartOf":{"@id":"https:\/\/meggle.ba\/en\/#website"},"datePublished":"2021-05-22T15:43:09+00:00","breadcrumb":{"@id":"https:\/\/meggle.ba\/en\/product\/antipasti-cherry-paprike-punjene-sirom-210g\/#breadcrumb"},"inLanguage":"en-US","potentialAction":[{"@type":"ReadAction","target":["https:\/\/meggle.ba\/en\/product\/antipasti-cherry-paprike-punjene-sirom-210g\/"]}]},{"@type":"BreadcrumbList","@id":"https:\/\/meggle.ba\/en\/product\/antipasti-cherry-paprike-punjene-sirom-210g\/#breadcrumb","itemListElement":[{"@type":"ListItem","position":1,"name":"Home","item":"https:\/\/meggle.ba\/en\/"},{"@type":"ListItem","position":2,"name":"Antipasti cherry paprike punjene sirom 210g"}]},{"@type":"WebSite","@id":"https:\/\/meggle.ba\/en\/#website","url":"https:\/\/meggle.ba\/en\/","name":"Meggle","description":"","potentialAction":[{"@type":"SearchAction","target":{"@type":"EntryPoint","urlTemplate":"https:\/\/meggle.ba\/en\/?s={search_term_string}"},"query-input":{"@type":"PropertyValueSpecification","valueRequired":true,"valueName":"search_term_string"}}],"inLanguage":"en-US"}]}},"_links":{"self":[{"href":"https:\/\/meggle.ba\/en\/wp-json\/wp\/v2\/product\/3087","targetHints":{"allow":["GET"]}}],"collection":[{"href":"https:\/\/meggle.ba\/en\/wp-json\/wp\/v2\/product"}],"about":[{"href":"https:\/\/meggle.ba\/en\/wp-json\/wp\/v2\/types\/product"}],"wp:attachment":[{"href":"https:\/\/meggle.ba\/en\/wp-json\/wp\/v2\/media?parent=3087"}],"wp:term":[{"taxonomy":"product-category","embeddable":true,"href":"https:\/\/meggle.ba\/en\/wp-json\/wp\/v2\/product-category?post=3087"}],"curies":[{"name":"wp","href":"https:\/\/api.w.org\/{rel}","templated":true}]}}