{"id":3112,"date":"2021-05-22T14:11:11","date_gmt":"2021-05-22T14:11:11","guid":{"rendered":"https:\/\/meggleba.kord.red\/product\/vrhnje-za-kavu\/"},"modified":"2021-05-22T14:11:11","modified_gmt":"2021-05-22T14:11:11","slug":"vrhnje-za-kavu","status":"publish","type":"product","link":"https:\/\/meggle.ba\/en\/product\/vrhnje-za-kavu\/","title":{"rendered":"Vrhnje za kavu 10% m.m."},"content":{"rendered":"\n<p>Volite li dobru kavu, uz MEGGLE vrhnje za kavu ona \u0107e dobiti poseban okus.<br>MEGGLE vrhnje za kavu bogatog je i kremastog okusa i ugodnog mirisa. Po\u010deti dan uz najbolji dodatak kavi pravi je u\u017eitak bu\u0111enja, a nudimo ga u pakiranjima od 10 \u010da\u0161ica po 7,5 g i 10g.\u00a0\u00a0\u00a0<\/p>\n\n\n\n<p>UHT, homogenizirano.<\/p>\n\n\n\n<p>Prakti\u010dno.<\/p>\n","protected":false},"template":"","product-category":[82],"class_list":["post-3112","product","type-product","status-publish","hentry","product-category-coffee-cream"],"acf":[],"yoast_head":"<!-- This site is optimized with the Yoast SEO plugin v27.0 - https:\/\/yoast.com\/product\/yoast-seo-wordpress\/ -->\n<title>Vrhnje za kavu 10% m.m. - Meggle<\/title>\n<meta name=\"robots\" content=\"index, follow, max-snippet:-1, max-image-preview:large, max-video-preview:-1\" \/>\n<link rel=\"canonical\" href=\"https:\/\/meggle.ba\/en\/product\/vrhnje-za-kavu\/\" \/>\n<meta property=\"og:locale\" content=\"en_US\" \/>\n<meta property=\"og:type\" content=\"article\" \/>\n<meta property=\"og:title\" content=\"Vrhnje za kavu 10% m.m. - Meggle\" \/>\n<meta property=\"og:description\" content=\"Volite li dobru kavu, uz MEGGLE vrhnje za kavu ona \u0107e dobiti poseban okus.MEGGLE vrhnje za kavu bogatog je i kremastog okusa i ugodnog mirisa. Po\u010deti dan uz najbolji dodatak &hellip;\" \/>\n<meta property=\"og:url\" content=\"https:\/\/meggle.ba\/en\/product\/vrhnje-za-kavu\/\" \/>\n<meta property=\"og:site_name\" content=\"Meggle\" \/>\n<meta name=\"twitter:card\" content=\"summary_large_image\" \/>\n<script type=\"application\/ld+json\" class=\"yoast-schema-graph\">{\"@context\":\"https:\/\/schema.org\",\"@graph\":[{\"@type\":\"WebPage\",\"@id\":\"https:\/\/meggle.ba\/en\/product\/vrhnje-za-kavu\/\",\"url\":\"https:\/\/meggle.ba\/en\/product\/vrhnje-za-kavu\/\",\"name\":\"Vrhnje za kavu 10% m.m. - Meggle\",\"isPartOf\":{\"@id\":\"https:\/\/meggle.ba\/en\/#website\"},\"datePublished\":\"2021-05-22T14:11:11+00:00\",\"breadcrumb\":{\"@id\":\"https:\/\/meggle.ba\/en\/product\/vrhnje-za-kavu\/#breadcrumb\"},\"inLanguage\":\"en-US\",\"potentialAction\":[{\"@type\":\"ReadAction\",\"target\":[\"https:\/\/meggle.ba\/en\/product\/vrhnje-za-kavu\/\"]}]},{\"@type\":\"BreadcrumbList\",\"@id\":\"https:\/\/meggle.ba\/en\/product\/vrhnje-za-kavu\/#breadcrumb\",\"itemListElement\":[{\"@type\":\"ListItem\",\"position\":1,\"name\":\"Home\",\"item\":\"https:\/\/meggle.ba\/en\/\"},{\"@type\":\"ListItem\",\"position\":2,\"name\":\"Vrhnje za kavu 10% m.m.\"}]},{\"@type\":\"WebSite\",\"@id\":\"https:\/\/meggle.ba\/en\/#website\",\"url\":\"https:\/\/meggle.ba\/en\/\",\"name\":\"Meggle\",\"description\":\"\",\"potentialAction\":[{\"@type\":\"SearchAction\",\"target\":{\"@type\":\"EntryPoint\",\"urlTemplate\":\"https:\/\/meggle.ba\/en\/?s={search_term_string}\"},\"query-input\":{\"@type\":\"PropertyValueSpecification\",\"valueRequired\":true,\"valueName\":\"search_term_string\"}}],\"inLanguage\":\"en-US\"}]}<\/script>\n<!-- \/ Yoast SEO plugin. -->","yoast_head_json":{"title":"Vrhnje za kavu 10% m.m. - Meggle","robots":{"index":"index","follow":"follow","max-snippet":"max-snippet:-1","max-image-preview":"max-image-preview:large","max-video-preview":"max-video-preview:-1"},"canonical":"https:\/\/meggle.ba\/en\/product\/vrhnje-za-kavu\/","og_locale":"en_US","og_type":"article","og_title":"Vrhnje za kavu 10% m.m. - Meggle","og_description":"Volite li dobru kavu, uz MEGGLE vrhnje za kavu ona \u0107e dobiti poseban okus.MEGGLE vrhnje za kavu bogatog je i kremastog okusa i ugodnog mirisa. Po\u010deti dan uz najbolji dodatak &hellip;","og_url":"https:\/\/meggle.ba\/en\/product\/vrhnje-za-kavu\/","og_site_name":"Meggle","twitter_card":"summary_large_image","schema":{"@context":"https:\/\/schema.org","@graph":[{"@type":"WebPage","@id":"https:\/\/meggle.ba\/en\/product\/vrhnje-za-kavu\/","url":"https:\/\/meggle.ba\/en\/product\/vrhnje-za-kavu\/","name":"Vrhnje za kavu 10% m.m. - Meggle","isPartOf":{"@id":"https:\/\/meggle.ba\/en\/#website"},"datePublished":"2021-05-22T14:11:11+00:00","breadcrumb":{"@id":"https:\/\/meggle.ba\/en\/product\/vrhnje-za-kavu\/#breadcrumb"},"inLanguage":"en-US","potentialAction":[{"@type":"ReadAction","target":["https:\/\/meggle.ba\/en\/product\/vrhnje-za-kavu\/"]}]},{"@type":"BreadcrumbList","@id":"https:\/\/meggle.ba\/en\/product\/vrhnje-za-kavu\/#breadcrumb","itemListElement":[{"@type":"ListItem","position":1,"name":"Home","item":"https:\/\/meggle.ba\/en\/"},{"@type":"ListItem","position":2,"name":"Vrhnje za kavu 10% m.m."}]},{"@type":"WebSite","@id":"https:\/\/meggle.ba\/en\/#website","url":"https:\/\/meggle.ba\/en\/","name":"Meggle","description":"","potentialAction":[{"@type":"SearchAction","target":{"@type":"EntryPoint","urlTemplate":"https:\/\/meggle.ba\/en\/?s={search_term_string}"},"query-input":{"@type":"PropertyValueSpecification","valueRequired":true,"valueName":"search_term_string"}}],"inLanguage":"en-US"}]}},"_links":{"self":[{"href":"https:\/\/meggle.ba\/en\/wp-json\/wp\/v2\/product\/3112","targetHints":{"allow":["GET"]}}],"collection":[{"href":"https:\/\/meggle.ba\/en\/wp-json\/wp\/v2\/product"}],"about":[{"href":"https:\/\/meggle.ba\/en\/wp-json\/wp\/v2\/types\/product"}],"wp:attachment":[{"href":"https:\/\/meggle.ba\/en\/wp-json\/wp\/v2\/media?parent=3112"}],"wp:term":[{"taxonomy":"product-category","embeddable":true,"href":"https:\/\/meggle.ba\/en\/wp-json\/wp\/v2\/product-category?post=3112"}],"curies":[{"name":"wp","href":"https:\/\/api.w.org\/{rel}","templated":true}]}}