{"id":3120,"date":"2021-05-16T15:50:39","date_gmt":"2021-05-16T15:50:39","guid":{"rendered":"https:\/\/meggleba.kord.red\/product\/premium-maslac-250g\/"},"modified":"2021-05-16T15:50:39","modified_gmt":"2021-05-16T15:50:39","slug":"premium-maslac-250g","status":"publish","type":"product","link":"https:\/\/meggle.ba\/en\/product\/premium-maslac-250g\/","title":{"rendered":"Premium maslac 250g"},"content":{"rendered":"\n<p>I obi\u010dna \u0161nita kruha uz MEGGLE maslac punog okusa postaje slasni obrok. Potra\u017eite ga u hladnjacima prodavaonica u pakiranju od 250 g, 200 g, 125 g, 20 g i 10 g.<\/p>\n","protected":false},"template":"","product-category":[65],"class_list":["post-3120","product","type-product","status-publish","hentry","product-category-premium-butter"],"acf":[],"yoast_head":"<!-- This site is optimized with the Yoast SEO plugin v27.0 - https:\/\/yoast.com\/product\/yoast-seo-wordpress\/ -->\n<title>Premium maslac 250g - Meggle<\/title>\n<meta name=\"robots\" content=\"index, follow, max-snippet:-1, max-image-preview:large, max-video-preview:-1\" \/>\n<link rel=\"canonical\" href=\"https:\/\/meggle.ba\/en\/product\/premium-maslac-250g\/\" \/>\n<meta property=\"og:locale\" content=\"en_US\" \/>\n<meta property=\"og:type\" content=\"article\" \/>\n<meta property=\"og:title\" content=\"Premium maslac 250g - Meggle\" \/>\n<meta property=\"og:description\" content=\"I obi\u010dna \u0161nita kruha uz MEGGLE maslac punog okusa postaje slasni obrok. Potra\u017eite ga u hladnjacima prodavaonica u pakiranju od 250 g, 200 g, 125 g, 20 g i 10 &hellip;\" \/>\n<meta property=\"og:url\" content=\"https:\/\/meggle.ba\/en\/product\/premium-maslac-250g\/\" \/>\n<meta property=\"og:site_name\" content=\"Meggle\" \/>\n<meta name=\"twitter:card\" content=\"summary_large_image\" \/>\n<script type=\"application\/ld+json\" class=\"yoast-schema-graph\">{\"@context\":\"https:\/\/schema.org\",\"@graph\":[{\"@type\":\"WebPage\",\"@id\":\"https:\/\/meggle.ba\/en\/product\/premium-maslac-250g\/\",\"url\":\"https:\/\/meggle.ba\/en\/product\/premium-maslac-250g\/\",\"name\":\"Premium maslac 250g - Meggle\",\"isPartOf\":{\"@id\":\"https:\/\/meggle.ba\/en\/#website\"},\"datePublished\":\"2021-05-16T15:50:39+00:00\",\"breadcrumb\":{\"@id\":\"https:\/\/meggle.ba\/en\/product\/premium-maslac-250g\/#breadcrumb\"},\"inLanguage\":\"en-US\",\"potentialAction\":[{\"@type\":\"ReadAction\",\"target\":[\"https:\/\/meggle.ba\/en\/product\/premium-maslac-250g\/\"]}]},{\"@type\":\"BreadcrumbList\",\"@id\":\"https:\/\/meggle.ba\/en\/product\/premium-maslac-250g\/#breadcrumb\",\"itemListElement\":[{\"@type\":\"ListItem\",\"position\":1,\"name\":\"Home\",\"item\":\"https:\/\/meggle.ba\/en\/\"},{\"@type\":\"ListItem\",\"position\":2,\"name\":\"Premium maslac 250g\"}]},{\"@type\":\"WebSite\",\"@id\":\"https:\/\/meggle.ba\/en\/#website\",\"url\":\"https:\/\/meggle.ba\/en\/\",\"name\":\"Meggle\",\"description\":\"\",\"potentialAction\":[{\"@type\":\"SearchAction\",\"target\":{\"@type\":\"EntryPoint\",\"urlTemplate\":\"https:\/\/meggle.ba\/en\/?s={search_term_string}\"},\"query-input\":{\"@type\":\"PropertyValueSpecification\",\"valueRequired\":true,\"valueName\":\"search_term_string\"}}],\"inLanguage\":\"en-US\"}]}<\/script>\n<!-- \/ Yoast SEO plugin. -->","yoast_head_json":{"title":"Premium maslac 250g - Meggle","robots":{"index":"index","follow":"follow","max-snippet":"max-snippet:-1","max-image-preview":"max-image-preview:large","max-video-preview":"max-video-preview:-1"},"canonical":"https:\/\/meggle.ba\/en\/product\/premium-maslac-250g\/","og_locale":"en_US","og_type":"article","og_title":"Premium maslac 250g - Meggle","og_description":"I obi\u010dna \u0161nita kruha uz MEGGLE maslac punog okusa postaje slasni obrok. Potra\u017eite ga u hladnjacima prodavaonica u pakiranju od 250 g, 200 g, 125 g, 20 g i 10 &hellip;","og_url":"https:\/\/meggle.ba\/en\/product\/premium-maslac-250g\/","og_site_name":"Meggle","twitter_card":"summary_large_image","schema":{"@context":"https:\/\/schema.org","@graph":[{"@type":"WebPage","@id":"https:\/\/meggle.ba\/en\/product\/premium-maslac-250g\/","url":"https:\/\/meggle.ba\/en\/product\/premium-maslac-250g\/","name":"Premium maslac 250g - Meggle","isPartOf":{"@id":"https:\/\/meggle.ba\/en\/#website"},"datePublished":"2021-05-16T15:50:39+00:00","breadcrumb":{"@id":"https:\/\/meggle.ba\/en\/product\/premium-maslac-250g\/#breadcrumb"},"inLanguage":"en-US","potentialAction":[{"@type":"ReadAction","target":["https:\/\/meggle.ba\/en\/product\/premium-maslac-250g\/"]}]},{"@type":"BreadcrumbList","@id":"https:\/\/meggle.ba\/en\/product\/premium-maslac-250g\/#breadcrumb","itemListElement":[{"@type":"ListItem","position":1,"name":"Home","item":"https:\/\/meggle.ba\/en\/"},{"@type":"ListItem","position":2,"name":"Premium maslac 250g"}]},{"@type":"WebSite","@id":"https:\/\/meggle.ba\/en\/#website","url":"https:\/\/meggle.ba\/en\/","name":"Meggle","description":"","potentialAction":[{"@type":"SearchAction","target":{"@type":"EntryPoint","urlTemplate":"https:\/\/meggle.ba\/en\/?s={search_term_string}"},"query-input":{"@type":"PropertyValueSpecification","valueRequired":true,"valueName":"search_term_string"}}],"inLanguage":"en-US"}]}},"_links":{"self":[{"href":"https:\/\/meggle.ba\/en\/wp-json\/wp\/v2\/product\/3120","targetHints":{"allow":["GET"]}}],"collection":[{"href":"https:\/\/meggle.ba\/en\/wp-json\/wp\/v2\/product"}],"about":[{"href":"https:\/\/meggle.ba\/en\/wp-json\/wp\/v2\/types\/product"}],"wp:attachment":[{"href":"https:\/\/meggle.ba\/en\/wp-json\/wp\/v2\/media?parent=3120"}],"wp:term":[{"taxonomy":"product-category","embeddable":true,"href":"https:\/\/meggle.ba\/en\/wp-json\/wp\/v2\/product-category?post=3120"}],"curies":[{"name":"wp","href":"https:\/\/api.w.org\/{rel}","templated":true}]}}