{"id":3123,"date":"2021-05-16T15:50:39","date_gmt":"2021-05-16T15:50:39","guid":{"rendered":"https:\/\/meggleba.kord.red\/product\/alpinesse-slani\/"},"modified":"2021-05-16T15:50:39","modified_gmt":"2021-05-16T15:50:39","slug":"alpinesse-slani","status":"publish","type":"product","link":"https:\/\/meggle.ba\/en\/product\/alpinesse-slani\/","title":{"rendered":"Alpinesse slani"},"content":{"rendered":"\n<p>MEGGLE Alpinesse slani maslac prepoznatljiv je po ne\u0161to slanijem okusu, \u0161to ga \u010dini idealnim namazom za sendvi\u010de ili, na primjer, za pripremu pe\u010denih pola. Za vas smo ga pripremili u pakiranju od 250 g.<\/p>\n","protected":false},"template":"","product-category":[60],"class_list":["post-3123","product","type-product","status-publish","hentry","product-category-alpinesse-butter"],"acf":[],"yoast_head":"<!-- This site is optimized with the Yoast SEO plugin v27.0 - https:\/\/yoast.com\/product\/yoast-seo-wordpress\/ -->\n<title>Alpinesse slani - Meggle<\/title>\n<meta name=\"robots\" content=\"index, follow, max-snippet:-1, max-image-preview:large, max-video-preview:-1\" \/>\n<link rel=\"canonical\" href=\"https:\/\/meggle.ba\/en\/product\/alpinesse-slani\/\" \/>\n<meta property=\"og:locale\" content=\"en_US\" \/>\n<meta property=\"og:type\" content=\"article\" \/>\n<meta property=\"og:title\" content=\"Alpinesse slani - Meggle\" \/>\n<meta property=\"og:description\" content=\"MEGGLE Alpinesse slani maslac prepoznatljiv je po ne\u0161to slanijem okusu, \u0161to ga \u010dini idealnim namazom za sendvi\u010de ili, na primjer, za pripremu pe\u010denih pola. Za vas smo ga pripremili u &hellip;\" \/>\n<meta property=\"og:url\" content=\"https:\/\/meggle.ba\/en\/product\/alpinesse-slani\/\" \/>\n<meta property=\"og:site_name\" content=\"Meggle\" \/>\n<meta name=\"twitter:card\" content=\"summary_large_image\" \/>\n<script type=\"application\/ld+json\" class=\"yoast-schema-graph\">{\"@context\":\"https:\/\/schema.org\",\"@graph\":[{\"@type\":\"WebPage\",\"@id\":\"https:\/\/meggle.ba\/en\/product\/alpinesse-slani\/\",\"url\":\"https:\/\/meggle.ba\/en\/product\/alpinesse-slani\/\",\"name\":\"Alpinesse slani - Meggle\",\"isPartOf\":{\"@id\":\"https:\/\/meggle.ba\/en\/#website\"},\"datePublished\":\"2021-05-16T15:50:39+00:00\",\"breadcrumb\":{\"@id\":\"https:\/\/meggle.ba\/en\/product\/alpinesse-slani\/#breadcrumb\"},\"inLanguage\":\"en-US\",\"potentialAction\":[{\"@type\":\"ReadAction\",\"target\":[\"https:\/\/meggle.ba\/en\/product\/alpinesse-slani\/\"]}]},{\"@type\":\"BreadcrumbList\",\"@id\":\"https:\/\/meggle.ba\/en\/product\/alpinesse-slani\/#breadcrumb\",\"itemListElement\":[{\"@type\":\"ListItem\",\"position\":1,\"name\":\"Home\",\"item\":\"https:\/\/meggle.ba\/en\/\"},{\"@type\":\"ListItem\",\"position\":2,\"name\":\"Alpinesse slani\"}]},{\"@type\":\"WebSite\",\"@id\":\"https:\/\/meggle.ba\/en\/#website\",\"url\":\"https:\/\/meggle.ba\/en\/\",\"name\":\"Meggle\",\"description\":\"\",\"potentialAction\":[{\"@type\":\"SearchAction\",\"target\":{\"@type\":\"EntryPoint\",\"urlTemplate\":\"https:\/\/meggle.ba\/en\/?s={search_term_string}\"},\"query-input\":{\"@type\":\"PropertyValueSpecification\",\"valueRequired\":true,\"valueName\":\"search_term_string\"}}],\"inLanguage\":\"en-US\"}]}<\/script>\n<!-- \/ Yoast SEO plugin. -->","yoast_head_json":{"title":"Alpinesse slani - Meggle","robots":{"index":"index","follow":"follow","max-snippet":"max-snippet:-1","max-image-preview":"max-image-preview:large","max-video-preview":"max-video-preview:-1"},"canonical":"https:\/\/meggle.ba\/en\/product\/alpinesse-slani\/","og_locale":"en_US","og_type":"article","og_title":"Alpinesse slani - Meggle","og_description":"MEGGLE Alpinesse slani maslac prepoznatljiv je po ne\u0161to slanijem okusu, \u0161to ga \u010dini idealnim namazom za sendvi\u010de ili, na primjer, za pripremu pe\u010denih pola. Za vas smo ga pripremili u &hellip;","og_url":"https:\/\/meggle.ba\/en\/product\/alpinesse-slani\/","og_site_name":"Meggle","twitter_card":"summary_large_image","schema":{"@context":"https:\/\/schema.org","@graph":[{"@type":"WebPage","@id":"https:\/\/meggle.ba\/en\/product\/alpinesse-slani\/","url":"https:\/\/meggle.ba\/en\/product\/alpinesse-slani\/","name":"Alpinesse slani - Meggle","isPartOf":{"@id":"https:\/\/meggle.ba\/en\/#website"},"datePublished":"2021-05-16T15:50:39+00:00","breadcrumb":{"@id":"https:\/\/meggle.ba\/en\/product\/alpinesse-slani\/#breadcrumb"},"inLanguage":"en-US","potentialAction":[{"@type":"ReadAction","target":["https:\/\/meggle.ba\/en\/product\/alpinesse-slani\/"]}]},{"@type":"BreadcrumbList","@id":"https:\/\/meggle.ba\/en\/product\/alpinesse-slani\/#breadcrumb","itemListElement":[{"@type":"ListItem","position":1,"name":"Home","item":"https:\/\/meggle.ba\/en\/"},{"@type":"ListItem","position":2,"name":"Alpinesse slani"}]},{"@type":"WebSite","@id":"https:\/\/meggle.ba\/en\/#website","url":"https:\/\/meggle.ba\/en\/","name":"Meggle","description":"","potentialAction":[{"@type":"SearchAction","target":{"@type":"EntryPoint","urlTemplate":"https:\/\/meggle.ba\/en\/?s={search_term_string}"},"query-input":{"@type":"PropertyValueSpecification","valueRequired":true,"valueName":"search_term_string"}}],"inLanguage":"en-US"}]}},"_links":{"self":[{"href":"https:\/\/meggle.ba\/en\/wp-json\/wp\/v2\/product\/3123","targetHints":{"allow":["GET"]}}],"collection":[{"href":"https:\/\/meggle.ba\/en\/wp-json\/wp\/v2\/product"}],"about":[{"href":"https:\/\/meggle.ba\/en\/wp-json\/wp\/v2\/types\/product"}],"wp:attachment":[{"href":"https:\/\/meggle.ba\/en\/wp-json\/wp\/v2\/media?parent=3123"}],"wp:term":[{"taxonomy":"product-category","embeddable":true,"href":"https:\/\/meggle.ba\/en\/wp-json\/wp\/v2\/product-category?post=3123"}],"curies":[{"name":"wp","href":"https:\/\/api.w.org\/{rel}","templated":true}]}}