{"id":3124,"date":"2021-05-16T15:50:39","date_gmt":"2021-05-16T15:50:39","guid":{"rendered":"https:\/\/meggleba.kord.red\/product\/alpinesse-classic\/"},"modified":"2021-05-16T15:50:39","modified_gmt":"2021-05-16T15:50:39","slug":"alpinesse-classic","status":"publish","type":"product","link":"https:\/\/meggle.ba\/en\/product\/alpinesse-classic\/","title":{"rendered":"Alpinesse classic"},"content":{"rendered":"\n<p>MEGGLE Alpinesse classic maslac u pakiranju od 250 g specifi\u010dan je po tome \u0161to je savr\u0161eno maziv \u010dim ga izvadite iz hladnjaka. Tajna savr\u0161ene teksture krije se u kvalitetnom ulju repice koja Alpinesse maslacu omogu\u0107ava trenuta\u010dnu mazivost.<\/p>\n","protected":false},"template":"","product-category":[60],"class_list":["post-3124","product","type-product","status-publish","hentry","product-category-alpinesse-butter"],"acf":[],"yoast_head":"<!-- This site is optimized with the Yoast SEO plugin v27.0 - https:\/\/yoast.com\/product\/yoast-seo-wordpress\/ -->\n<title>Alpinesse classic - Meggle<\/title>\n<meta name=\"robots\" content=\"index, follow, max-snippet:-1, max-image-preview:large, max-video-preview:-1\" \/>\n<link rel=\"canonical\" href=\"https:\/\/meggle.ba\/en\/product\/alpinesse-classic\/\" \/>\n<meta property=\"og:locale\" content=\"en_US\" \/>\n<meta property=\"og:type\" content=\"article\" \/>\n<meta property=\"og:title\" content=\"Alpinesse classic - Meggle\" \/>\n<meta property=\"og:description\" content=\"MEGGLE Alpinesse classic maslac u pakiranju od 250 g specifi\u010dan je po tome \u0161to je savr\u0161eno maziv \u010dim ga izvadite iz hladnjaka. Tajna savr\u0161ene teksture krije se u kvalitetnom ulju &hellip;\" \/>\n<meta property=\"og:url\" content=\"https:\/\/meggle.ba\/en\/product\/alpinesse-classic\/\" \/>\n<meta property=\"og:site_name\" content=\"Meggle\" \/>\n<meta name=\"twitter:card\" content=\"summary_large_image\" \/>\n<script type=\"application\/ld+json\" class=\"yoast-schema-graph\">{\"@context\":\"https:\/\/schema.org\",\"@graph\":[{\"@type\":\"WebPage\",\"@id\":\"https:\/\/meggle.ba\/en\/product\/alpinesse-classic\/\",\"url\":\"https:\/\/meggle.ba\/en\/product\/alpinesse-classic\/\",\"name\":\"Alpinesse classic - Meggle\",\"isPartOf\":{\"@id\":\"https:\/\/meggle.ba\/en\/#website\"},\"datePublished\":\"2021-05-16T15:50:39+00:00\",\"breadcrumb\":{\"@id\":\"https:\/\/meggle.ba\/en\/product\/alpinesse-classic\/#breadcrumb\"},\"inLanguage\":\"en-US\",\"potentialAction\":[{\"@type\":\"ReadAction\",\"target\":[\"https:\/\/meggle.ba\/en\/product\/alpinesse-classic\/\"]}]},{\"@type\":\"BreadcrumbList\",\"@id\":\"https:\/\/meggle.ba\/en\/product\/alpinesse-classic\/#breadcrumb\",\"itemListElement\":[{\"@type\":\"ListItem\",\"position\":1,\"name\":\"Home\",\"item\":\"https:\/\/meggle.ba\/en\/\"},{\"@type\":\"ListItem\",\"position\":2,\"name\":\"Alpinesse classic\"}]},{\"@type\":\"WebSite\",\"@id\":\"https:\/\/meggle.ba\/en\/#website\",\"url\":\"https:\/\/meggle.ba\/en\/\",\"name\":\"Meggle\",\"description\":\"\",\"potentialAction\":[{\"@type\":\"SearchAction\",\"target\":{\"@type\":\"EntryPoint\",\"urlTemplate\":\"https:\/\/meggle.ba\/en\/?s={search_term_string}\"},\"query-input\":{\"@type\":\"PropertyValueSpecification\",\"valueRequired\":true,\"valueName\":\"search_term_string\"}}],\"inLanguage\":\"en-US\"}]}<\/script>\n<!-- \/ Yoast SEO plugin. -->","yoast_head_json":{"title":"Alpinesse classic - Meggle","robots":{"index":"index","follow":"follow","max-snippet":"max-snippet:-1","max-image-preview":"max-image-preview:large","max-video-preview":"max-video-preview:-1"},"canonical":"https:\/\/meggle.ba\/en\/product\/alpinesse-classic\/","og_locale":"en_US","og_type":"article","og_title":"Alpinesse classic - Meggle","og_description":"MEGGLE Alpinesse classic maslac u pakiranju od 250 g specifi\u010dan je po tome \u0161to je savr\u0161eno maziv \u010dim ga izvadite iz hladnjaka. Tajna savr\u0161ene teksture krije se u kvalitetnom ulju &hellip;","og_url":"https:\/\/meggle.ba\/en\/product\/alpinesse-classic\/","og_site_name":"Meggle","twitter_card":"summary_large_image","schema":{"@context":"https:\/\/schema.org","@graph":[{"@type":"WebPage","@id":"https:\/\/meggle.ba\/en\/product\/alpinesse-classic\/","url":"https:\/\/meggle.ba\/en\/product\/alpinesse-classic\/","name":"Alpinesse classic - Meggle","isPartOf":{"@id":"https:\/\/meggle.ba\/en\/#website"},"datePublished":"2021-05-16T15:50:39+00:00","breadcrumb":{"@id":"https:\/\/meggle.ba\/en\/product\/alpinesse-classic\/#breadcrumb"},"inLanguage":"en-US","potentialAction":[{"@type":"ReadAction","target":["https:\/\/meggle.ba\/en\/product\/alpinesse-classic\/"]}]},{"@type":"BreadcrumbList","@id":"https:\/\/meggle.ba\/en\/product\/alpinesse-classic\/#breadcrumb","itemListElement":[{"@type":"ListItem","position":1,"name":"Home","item":"https:\/\/meggle.ba\/en\/"},{"@type":"ListItem","position":2,"name":"Alpinesse classic"}]},{"@type":"WebSite","@id":"https:\/\/meggle.ba\/en\/#website","url":"https:\/\/meggle.ba\/en\/","name":"Meggle","description":"","potentialAction":[{"@type":"SearchAction","target":{"@type":"EntryPoint","urlTemplate":"https:\/\/meggle.ba\/en\/?s={search_term_string}"},"query-input":{"@type":"PropertyValueSpecification","valueRequired":true,"valueName":"search_term_string"}}],"inLanguage":"en-US"}]}},"_links":{"self":[{"href":"https:\/\/meggle.ba\/en\/wp-json\/wp\/v2\/product\/3124","targetHints":{"allow":["GET"]}}],"collection":[{"href":"https:\/\/meggle.ba\/en\/wp-json\/wp\/v2\/product"}],"about":[{"href":"https:\/\/meggle.ba\/en\/wp-json\/wp\/v2\/types\/product"}],"wp:attachment":[{"href":"https:\/\/meggle.ba\/en\/wp-json\/wp\/v2\/media?parent=3124"}],"wp:term":[{"taxonomy":"product-category","embeddable":true,"href":"https:\/\/meggle.ba\/en\/wp-json\/wp\/v2\/product-category?post=3124"}],"curies":[{"name":"wp","href":"https:\/\/api.w.org\/{rel}","templated":true}]}}